{"id":4524,"date":"2017-01-02T10:01:03","date_gmt":"2017-01-02T09:01:03","guid":{"rendered":"https:\/\/ediswine.com\/es\/press\/"},"modified":"2018-11-05T20:32:31","modified_gmt":"2018-11-05T19:32:31","slug":"press","status":"publish","type":"page","link":"https:\/\/ediswine.com\/es\/press\/","title":{"rendered":"Prensa"},"content":{"rendered":"<p>Desde 2008, hemos participado a m\u00faltiples entrevistas y encuentros con la prensa. Aqu\u00ed encontrar\u00e1 algunos ejemplos que muestran el recorrido de Samuel Ingelaere y el comienzo de Ediswine.<\/p>\n<p>Si necesita informaci\u00f3n adicional, lugares para un reportaje fotogr\u00e1fico o una cita para una entrevista, no dude en llamarnos al +33 0982271038 o enviarnos un email a contact@ediswine.com<br \/>\n<\/p>\n<div class=\"clearfix bloc-press\" id=\"ppu3439\"><!-- column --><\/p>\n<div class=\"clearfix colelem-bloc\" id=\"pu3439\"><!-- group --><br \/>\n      <a class=\"nonblock nontext rgba-background grpelem\" id=\"u3440\" href=\"\/wp-content\/uploads\/2016\/assets\/vindefrance.pdf\"><img loading=\"lazy\" decoding=\"async\" class=\"block\" id=\"u3408_img\" src=\"\/wp-content\/uploads\/2016\/images\/vindefrance.png\" alt=\"\" width=\"108\" height=\"100\"><\/a>\n    <\/div>\n<div class=\"clearfix colelem-bloc\" id=\"pu2874\"><!-- group --><br \/>\n      <a class=\"nonblock nontext colelem\" id=\"u2870\" target=\"_blanck\" href=\"\/wp-content\/uploads\/2016\/assets\/lechef_09.pdf\"><!-- image --><img loading=\"lazy\" decoding=\"async\" class=\"block\" id=\"u2870_img\" src=\"\/wp-content\/uploads\/2016\/images\/lechef.png\" alt=\"\" width=\"215\" height=\"80\"><\/a>\n    <\/div>\n<div class=\"clearfix colelem-bloc\" id=\"pu2356\"><!-- group --><br \/>\n      <a class=\"nonblock nontext colelem\" id=\"u2323\" target=\"_blanck\" href=\"\/wp-content\/uploads\/2016\/assets\/kaele.pdf\"><!-- image --><img loading=\"lazy\" decoding=\"async\" class=\"block\" id=\"u2323_img\" src=\"\/wp-content\/uploads\/2016\/images\/kaele.png\" alt=\"\" width=\"215\" height=\"46\"><\/a>\n    <\/div>\n<div class=\"clearfix colelem-bloc\" id=\"pu2701\"><!-- group --><br \/>\n      <a class=\"nonblock nontext colelem\" id=\"u2723\" target=\"_blanck\" href=\"\/wp-content\/uploads\/2016\/assets\/plushaut.pdf\"><!-- image --><img loading=\"lazy\" decoding=\"async\" class=\"block\" id=\"u2723_img\" src=\"\/wp-content\/uploads\/2016\/images\/plushaut.png\" alt=\"\" width=\"207\" height=\"52\"><\/a>\n     <\/div><\/div>\n<div class=\"clearfix bloc-press\" id=\"ppu2298\"><!-- column --><\/p>\n<div class=\"clearfix colelem-bloc\" id=\"pu2298\"><!-- group --><br \/>\n      <a class=\"nonblock nontext colelem\" id=\"u2302\" target=\"_blanck\" href=\"\/wp-content\/uploads\/2016\/assets\/trois-etoiles.pdf\"><!-- image --><img loading=\"lazy\" decoding=\"async\" class=\"block\" id=\"u2302_img\" src=\"\/wp-content\/uploads\/2016\/images\/3etoiles.png\" alt=\"\" width=\"186\" height=\"52\"><\/a>\n    <\/div>\n<div class=\"clearfix colelem-bloc\" id=\"pu1824-3\"><!-- group --><br \/>\n      <a class=\"nonblock nontext colelem\" id=\"u2318\" target=\"_blanck\" href=\"\/wp-content\/uploads\/2016\/assets\/tentation.pdf\"><!-- image --><img loading=\"lazy\" decoding=\"async\" class=\"block\" id=\"u2318_img\" src=\"\/wp-content\/uploads\/2016\/images\/tentation.png\" alt=\"\" width=\"214\" height=\"31\"><\/a>\n    <\/div>\n<div class=\"clearfix colelem-bloc\" id=\"pu2703\"><!-- group --><br \/>\n      <a class=\"nonblock nontext colelem\" id=\"u2713\" target=\"_blanck\" href=\"\/wp-content\/uploads\/2016\/assets\/lechef.pdf\"><!-- image --><img loading=\"lazy\" decoding=\"async\" class=\"block\" id=\"u2713_img\" src=\"\/wp-content\/uploads\/2016\/images\/lechef.png\" alt=\"\" width=\"215\" height=\"80\"><\/a>\n    <\/div>\n<div class=\"clearfix colelem-bloc\" id=\"pu2883\"><!-- group --><br \/>\n      <a class=\"nonblock nontext colelem\" id=\"u2880\" target=\"_blanck\" href=\"\/wp-content\/uploads\/2016\/assets\/gault-millau.pdf\"><!-- image --><img loading=\"lazy\" decoding=\"async\" class=\"block\" id=\"u2880_img\" src=\"\/wp-content\/uploads\/2016\/images\/gault-millau.png\" alt=\"\" width=\"215\" height=\"31\"><\/a>\n    <\/div><\/div>\n<p><!--\n\n<div class=\"clearfix bloc-press\">\n  \n\n<div class=\"clearfix colelem-bloc\">\n      <a class=\"block colelem\" target=\"_blanck\" href=\"\/wp-content\/uploads\/2016\/assets\/plushaut.pdf\"> <img loading=\"lazy\" decoding=\"async\" class=\"block\" id=\"u2929_img\" src=\"\/wp-content\/uploads\/2016\/images\/finewine.png\" alt=\"\" width=\"207\" height=\"41\"><\/a>\n<\/div>\n\n\n  <\/div>\n\n--><\/p>\n","protected":false},"excerpt":{"rendered":"<p>Desde 2008, hemos participado a m\u00faltiples entrevistas y encuentros con la prensa. Aqu\u00ed encontrar\u00e1 algunos ejemplos que muestran el recorrido de Samuel Ingelaere y el comienzo de Ediswine. Si necesita informaci\u00f3n adicional, lugares para un reportaje fotogr\u00e1fico o una cita para una entrevista, no dude en llamarnos al +33 0982271038 o enviarnos un email a&hellip;<\/p>\n","protected":false},"author":1,"featured_media":0,"parent":0,"menu_order":16,"comment_status":"closed","ping_status":"closed","template":"","meta":{"footnotes":""},"_links":{"self":[{"href":"https:\/\/ediswine.com\/es\/wp-json\/wp\/v2\/pages\/4524"}],"collection":[{"href":"https:\/\/ediswine.com\/es\/wp-json\/wp\/v2\/pages"}],"about":[{"href":"https:\/\/ediswine.com\/es\/wp-json\/wp\/v2\/types\/page"}],"author":[{"embeddable":true,"href":"https:\/\/ediswine.com\/es\/wp-json\/wp\/v2\/users\/1"}],"replies":[{"embeddable":true,"href":"https:\/\/ediswine.com\/es\/wp-json\/wp\/v2\/comments?post=4524"}],"version-history":[{"count":1,"href":"https:\/\/ediswine.com\/es\/wp-json\/wp\/v2\/pages\/4524\/revisions"}],"predecessor-version":[{"id":4568,"href":"https:\/\/ediswine.com\/es\/wp-json\/wp\/v2\/pages\/4524\/revisions\/4568"}],"wp:attachment":[{"href":"https:\/\/ediswine.com\/es\/wp-json\/wp\/v2\/media?parent=4524"}],"curies":[{"name":"wp","href":"https:\/\/api.w.org\/{rel}","templated":true}]}}