{"id":4523,"date":"2017-01-02T10:03:19","date_gmt":"2017-01-02T09:03:19","guid":{"rendered":"https:\/\/ediswine.com\/es\/charte-qualite\/"},"modified":"2018-11-05T20:38:22","modified_gmt":"2018-11-05T19:38:22","slug":"charte-qualite","status":"publish","type":"page","link":"https:\/\/ediswine.com\/es\/charte-qualite\/","title":{"rendered":"Compromiso de calidad"},"content":{"rendered":"<p>[vc_row el_class=\u00bbcharte\u00bb][vc_column][vc_column_text css=\u00bb.vc_custom_1541446699972{margin-bottom: 40px !important;}\u00bb]<\/p>\n<h1>Compromiso de calidad<\/h1>\n<p>[\/vc_column_text][vc_column_text]<\/p>\n<p class=\"subtitle\" style=\"text-align: left;\">Nosotros, Sociedad Ediswine, consideramos como capital la relaci\u00f3n que nos une a nuestros clientes. Nuestra funci\u00f3n es ofrecer los vinos m\u00e1s sobresalientes a la clientela \u201cGrandes aficionados\u201d.<\/p>\n<p>[\/vc_column_text][vc_column_text css=\u00bb.vc_custom_1541446589708{margin-bottom: 40px !important;}\u00bb]<\/p>\n<p class=\"bloc-text\" style=\"text-align: left;\">Los vinos propuestos son el objetivo del mercado especulativo en los \u00faltimos a\u00f1os. No aceptamos que los vinos, elaborados con sumo cuidado desde su cuna y que atesoran unos conocimientos extraordinarios se revendan o intercambien a veces al hilo de una especulaci\u00f3n, cuyas consecuencias solo pueden ser perjudiciales para la calidad del vino y consecuentemente para el placer del aficionado.<br \/>\nCon este esp\u00edritu, pedimos a todos nuestros clientes, un compromiso de calidad :<\/p>\n<p>[\/vc_column_text][lab_button title=\u00bbDescargar el Compromiso de calidad\u00bb type=\u00bbstandard\u00bb link=\u00bburl:%2Fdocuments%2Fcharte-qualite-clients.pdf|||\u00bb css=\u00bb.vc_custom_1541446667365{margin-top: 50px !important;margin-bottom: 155px !important;}\u00bb el_class=\u00bbbouton-tel\u00bb][vc_separator css=\u00bb.vc_custom_1484411327977{margin-bottom: 100px !important;}\u00bb][\/vc_column][\/vc_row]<\/p>\n","protected":false},"excerpt":{"rendered":"<p>[vc_row el_class=\u00bbcharte\u00bb][vc_column][vc_column_text css=\u00bb.vc_custom_1541446699972{margin-bottom: 40px !important;}\u00bb] Compromiso de calidad [\/vc_column_text][vc_column_text] Nosotros, Sociedad Ediswine, consideramos como capital la relaci\u00f3n que nos une a nuestros clientes. Nuestra funci\u00f3n es ofrecer los vinos m\u00e1s sobresalientes a la clientela \u201cGrandes aficionados\u201d. [\/vc_column_text][vc_column_text css=\u00bb.vc_custom_1541446589708{margin-bottom: 40px !important;}\u00bb] Los vinos propuestos son el objetivo del mercado especulativo en los \u00faltimos a\u00f1os. No aceptamos&hellip;<\/p>\n","protected":false},"author":1,"featured_media":0,"parent":0,"menu_order":10,"comment_status":"closed","ping_status":"closed","template":"","meta":{"footnotes":""},"_links":{"self":[{"href":"https:\/\/ediswine.com\/es\/wp-json\/wp\/v2\/pages\/4523"}],"collection":[{"href":"https:\/\/ediswine.com\/es\/wp-json\/wp\/v2\/pages"}],"about":[{"href":"https:\/\/ediswine.com\/es\/wp-json\/wp\/v2\/types\/page"}],"author":[{"embeddable":true,"href":"https:\/\/ediswine.com\/es\/wp-json\/wp\/v2\/users\/1"}],"replies":[{"embeddable":true,"href":"https:\/\/ediswine.com\/es\/wp-json\/wp\/v2\/comments?post=4523"}],"version-history":[{"count":3,"href":"https:\/\/ediswine.com\/es\/wp-json\/wp\/v2\/pages\/4523\/revisions"}],"predecessor-version":[{"id":4573,"href":"https:\/\/ediswine.com\/es\/wp-json\/wp\/v2\/pages\/4523\/revisions\/4573"}],"wp:attachment":[{"href":"https:\/\/ediswine.com\/es\/wp-json\/wp\/v2\/media?parent=4523"}],"curies":[{"name":"wp","href":"https:\/\/api.w.org\/{rel}","templated":true}]}}