{"id":4522,"date":"2017-01-02T10:03:47","date_gmt":"2017-01-02T09:03:47","guid":{"rendered":"https:\/\/ediswine.com\/es\/mentions-legales\/"},"modified":"2018-11-05T21:31:20","modified_gmt":"2018-11-05T20:31:20","slug":"advertencias-legales","status":"publish","type":"page","link":"https:\/\/ediswine.com\/es\/advertencias-legales\/","title":{"rendered":"Advertencias legales"},"content":{"rendered":"<h2>Advertencias legales<\/h2>\n<p>Esta p\u00e1gina Web est\u00e1 publicada por EDIS WINE, cuyo representante es Samuel Ingelaere.<br \/>\nSociedad Limitada (SARL) con un capital de 2 000 euros registrada en el Registro Mercantil (RCS) de BAYONA<br \/>\ncon el n\u00famero 504 878 059<br \/>\nC\u00d3DIGO APE 4634Z<br \/>\nSede social: Centre International d&#8217;Affaires &#8211; Boulevard Marcel Dassault &#8211; 64200 BIARRITZ<br \/>\nN\u00famero de IVA intracomunitario : FR44504878059<\/p>\n<p>Directora de publicaci\u00f3n: Aurelie Siou<br \/>\nContacto: contact@ediswine.com<br \/>\nLa p\u00e1gina web www.ediswine.com est\u00e1 alojada por la empresa OVH,<br \/>\nSociedad an\u00f3nima simplificada con un capital de 10.000 000 \u20ac, RCS Roubaix-Tourcoing<br \/>\nC\u00f3digo APE: 721Z<br \/>\nN\u00famero de IVA: FR 22-424-761-419-00011<br \/>\nSede social: 2 rue Kellermann, 59100 Roubaix, Francia<\/p>\n<p>Copyright \u00a9 2013, Ediswine<br \/>\nFotos Caja Colecci\u00f3n: \u00a9 Celine Hamelin Photografie<\/p>\n<h2>Condiciones generales de venta de vinos<\/h2>\n<p>Las presentes condiciones generales se aplican entre la empresa Edis Wine y cualquier persona que realice una compra.<br \/>\nNuestras ofertas quedan sujetas a las existencias disponibles y salvo error u omisi\u00f3n por nuestra parte.<br \/>\nLas existencias se indican a t\u00edtulo indicativo ya que no se actualizan en tiempo real.<br \/>\nLas presentes condiciones, as\u00ed como nuestras tarifas, pueden modificarse en cualquier momento a cambio sin previo aviso.<\/p>\n<h2>Restricci\u00f3n de edad<\/h2>\n<p>Al realizar un pedido con Edis Wine, el comprador certifica que tiene al menos dieciocho a\u00f1os en el momento de realizar el pedido de conformidad con el Art\u00edculo L. 3342-1 del C\u00f3digo de Salud P\u00fablica y, en general, declara respetar la edad m\u00ednima legal para comprar alcohol en el pa\u00eds donde reside.<br \/>\nEn cualquier caso, el abuso del alcohol es peligroso para la salud. Se recomienda consumir alcohol con moderaci\u00f3n.<\/p>\n<h2>Calidad de los productos<\/h2>\n<p>Cuidamos mucho la calidad de los productos ofrecidos para la venta. Para los vinos, nuestros suministros se realizan principalmente y directamente con los propietarios de bodegas propiedades, pero tambi\u00e9n a veces con comerciantes reconocidos o con particulares que ofrecen condiciones adecuadas de conservaci\u00f3n del vino.<br \/>\nEl vino es un producto org\u00e1nico y vivo, no podemos garantizar la calidad de este \u00faltimo (sabor a corcho, defectos, etc.) que tambi\u00e9n depende de las condiciones de entrega y almacenamiento.<\/p>\n<h2>Realizaci\u00f3n del pedido<\/h2>\n<p>Cualquier pedido implica la aprobaci\u00f3n de las presentes condiciones generales.<br \/>\nEn caso de que se agote ciertos art\u00edculos al recibir el pedido, la empresa Edis Wine ofrecer\u00e1 al cliente otros productos similares y\/o reembolsar\u00e1 al cliente seg\u00fan su conveniencia.<br \/>\nEl pedido solo se puede validar si se comunica toda la informaci\u00f3n solicitada necesaria para la venta, especialmente los apellidos, el nombre, la direcci\u00f3n, el tel\u00e9fono, el correo electr\u00f3nico del cliente y el lugar de entrega. Los pedidos realizados los fines de semana o d\u00edas festivos o de cierre solo se validar\u00e1n al siguiente d\u00eda laborable.<br \/>\nComo algunos vinos son particularmente raros y est\u00e1n sujetos a especulaci\u00f3n, Edis Wine se reserva el derecho de restringir la cantidad que puede solicitar un mismo comprador (mismo nombre, misma direcci\u00f3n).<\/p>\n<h2>Precio<\/h2>\n<p>Los precios indicados en nuestra oferta est\u00e1n en euros, antes de impuestos y sin incluir los gastos de env\u00edo, seguros y preparaci\u00f3n de pedidos.<br \/>\nLos gastos del seguro se determinan de acuerdo con el monto total del pedido. El seguro es obligatorio independientemente del importe del pedido enviado, el destino y el modo de transporte. Este seguro permite al comprador ser reembolsado por la p\u00e9rdida total en caso de p\u00e9rdida, robo o rotura.<br \/>\nLos gastos de transporte se establecen de acuerdo con las cantidades pedidas, las direcciones de entrega, el modo de entrega y los plazos.<\/p>\n<h2>Modalidad de pago<\/h2>\n<p><strong>Para clientes particulares<\/strong><br \/>\nS\u00f3lo se validar\u00e1n los pedidos despu\u00e9s de efectuarse el pago (cheque o transferencia) por la totalidad del importe, incluido todos los impuestos de env\u00edo, los gastos de seguro y preparaci\u00f3n del pedido.<br \/>\nA falta de recepci\u00f3n del pago integral por parte de la empresa Edis Wine en un plazo de 10 d\u00edas a partir de la fecha del pedido, este ser\u00e1 cancelado autom\u00e1ticamente.<\/p>\n<p><strong>Para clientes profesionales<\/strong><br \/>\nLas condiciones de pago espec\u00edficas se pueden acordar de acuerdo con las disposiciones de los art\u00edculos L. 441-6 y L. 442-6 del C\u00f3digo de Comercio franc\u00e9s.<br \/>\nCualquier demora en el pago incurrir\u00e1 en intereses calculados sobre el monto de la reclamaci\u00f3n a base de 3 veces la tasa de inter\u00e9s legal. Independientemente de estas penalizaciones, los recargos por cobro tard\u00edo tambi\u00e9n se aplicar\u00e1n sin ser inferior a 40 euros.<br \/>\nLos datos bancarios de la empresa para el pago mediante transferencia bancaria son:<br \/>\nRIB<br \/>\nC\u00f3digo de establecimiento: 10268<br \/>\nC\u00f3digo de entrada: O4553<br \/>\nN\u00famero de cuenta: 11851100200<br \/>\nTecla RIB: 59<br \/>\nIBAN: FR76 1026 8045 5311 8511 0020 059<br \/>\nSWIFT BIC<br \/>\nCOURFR2T<br \/>\nBANQUE COURTOIS<\/p>\n<h2>Entrega<\/h2>\n<p>La empresa Ediswine har\u00e1 todos los esfuerzos necesarios para preparar y entregar los productos r\u00e1pidamente.<br \/>\nAl realizar el pedido, el comprador indica la direcci\u00f3n de entrega del pedido y las particularidades (horas, c\u00f3digos de acceso, etc.)<br \/>\nLos productos solicitados podr\u00e1n transportarse a trav\u00e9s de los servicios postales (colissimo con acuse de recibo mediante firma) o con un transportista elegido por la empresa Edis Wine.<br \/>\nEn el caso de temperaturas no compatibles con su transporte (fr\u00edo o calor), la empresa Edis Wine se reserva la posibilidad de posponer la entrega.<br \/>\nLas entregas se realizar\u00e1n en Francia metropolitana. Para cualquier otro destino, primero debe obtenerse el acuerdo expreso de la empresa Edis Wine. Edis Wine se reserva el derecho de rechazar cualquier env\u00edo fuera de Francia metropolitana.<br \/>\nLos pedidos entregados fuera de Francia pueden estar sujetos a impuestos y aranceles aduaneros que se imponen cuando el paquete llega a su destino. Estos aranceles e impuestos relacionados con la entrega de dichos productos corren a cargo del cliente y son su responsabilidad. Edis Wine no tiene en modo alguno la obligaci\u00f3n de verificar e informar al cliente sobre los aranceles aduaneros y otros impuestos aplicables. Es responsabilidad del cliente consultar con las autoridades competentes del pa\u00eds de entrega.<br \/>\nLos retrasos en la entrega de los productos no conllevan derechos de indemnizaci\u00f3n o la cancelaci\u00f3n de los pedidos en curso. Sin embargo, si un mes despu\u00e9s de la queja por escrito del cliente las mercanc\u00edas a\u00fan no se han entregado, la venta se puede anular por iniciativa de una u otra de las partes.<br \/>\nEs responsabilidad del cliente verificar el estado de los productos al recepcionarlos y hacer todas las indagaciones necesarias en caso de rotura, da\u00f1o o falta, expresando sus reservas en el albar\u00e1n de entrega y dentro de las 48 horas posteriores a la recepci\u00f3n, mediante carta certificada con acuse de recibo al transportista, con una copia para la empresa Edis Wine para hacer sus derechos.<br \/>\nLas f\u00f3rmulas del tipo \u00abbajo reserva de desembalaje\u00bb no son v\u00e1lidas jur\u00eddicamente. \u00danicamente la indicaci\u00f3n concreta y detallada de los productos ausentes, rotos o deteriorados con la firma de la persona que ha recepcionado dichos productos permite concebir el derecho al reembolso.<br \/>\nGastos de porte y de preparaci\u00f3n del pedido<br \/>\nLos gastos de env\u00edo est\u00e1n determinados por el n\u00famero de art\u00edculos y el lugar de la entrega.<br \/>\nEn caso de entrega de un pedido a varias direcciones diferentes, se incrementar\u00e1 los gastos de env\u00edo.<\/p>\n<h2>Reserva de propiedad<\/h2>\n<p>Los productos bienes seguir\u00e1n siendo propiedad de la empresa Edis Wine hasta el pago total del pedido (precio incluido impuestos), que incluye los gastos de env\u00edo y el procesamiento del pedido.<br \/>\nPara clientes particulares, el env\u00edo de los productos est\u00e1 sujeto al pago completo de dichos productos.<\/p>\n<p>Transferencia de riesgo<br \/>\nA pesar de la cl\u00e1usula de reserva de propiedad, el comprador se hace responsable de los art\u00edculos en el momento de la entrega, la transferencia de posesi\u00f3n equivale a la transferencia de riesgo.<\/p>\n<p>Desistimiento &#8211; Devoluciones<br \/>\nSeg\u00fan lo dispuesto en el art\u00edculo L. 21-20 del C\u00f3digo del Consumidor, el comprador particular dispone de un plazo de siete d\u00edas para ejercer su derecho de desistimiento sin tener que justificar razones o pagar multas. Cuando el per\u00edodo de siete d\u00edas expira un s\u00e1bado, domingo o un d\u00eda festivo o de paro, dicho plazo se extiende hasta el siguiente d\u00eda h\u00e1bil.<br \/>\nSi el comprador particular desea ejercer su derecho de desistimiento, debe antes de devolver la mercanc\u00eda, informar a la compa\u00f1\u00eda Edis Wine por escrito a la siguiente direcci\u00f3n Edis Wine, Centre International d&#8217;Affaires &#8211; Boulevard Marcel Dassault &#8211; 64200 BIARRITZ o por correo electr\u00f3nico a contact@ediswine.com<br \/>\nLas devoluciones van a cargo del comprador, que debe asegurarse el env\u00edo con un embalaje y protecci\u00f3n adecuados. Los productos deben devolverse en su estado original (botellas sin abrir, sellos y etiquetas no da\u00f1ados). Los riesgos asociados con la devoluci\u00f3n de los productos corren a cargo del cliente.<br \/>\nLos productos da\u00f1ados despu\u00e9s de la entrega no ser\u00e1n admitidos.<br \/>\nLos productos devueltos se reembolsar\u00e1n en un plazo de 2 a 4 semanas, excluidos los gastos de transporte iniciales y de preparaci\u00f3n de pedido.<br \/>\nExcepcionalmente, estas disposiciones no se aplicar\u00e1n a pedidos que han sido personalizados o han sido objeto de una solicitud espec\u00edfica del cliente al realizar el pedido (formatos especiales, etiquetas personalizadas, etc.)<br \/>\nEste derecho de desistimiento no se aplica a las compras realizadas por clientes profesionales.<\/p>\n<h2>Reclamaciones<\/h2>\n<p>El comprador y la empresa Edis Wine har\u00e1n todo lo posible para resolver cualquier disputa de manera amistosa, incluidas aquellas que puedan resultar de la aplicaci\u00f3n de estas condiciones generales de venta.<br \/>\nCualquier reclamaci\u00f3n relacionada con el pedido debe dirigirse a:<br \/>\nEdis Wine<br \/>\nCentre International d&#8217;Affaires<br \/>\nBoulevard Marcel Dassault<br \/>\n64200 BIARRITZ<br \/>\nTel\u00e9fono + 33 6 99 25 00 20<br \/>\nFax + 33 5 59 43 87 01<br \/>\nCorreo contact@ediswine.com<\/p>\n<h2>Atribuci\u00f3n de competencia<\/h2>\n<p>Las presentes condiciones generales de venta est\u00e1n sujetas a la aplicaci\u00f3n de la ley francesa.<br \/>\nCualquier litigio sobre el contrato de venta que cuestione su validez, su interpretaci\u00f3n, su ejecuci\u00f3n, su rescisi\u00f3n, las consecuencias que se deriven se someter\u00e1n a los Tribunales competentes seg\u00fan el domicilio social de la empresa.<\/p>\n<h2>Propiedad intelectual<\/h2>\n<p>Los textos y las im\u00e1genes gr\u00e1ficos son propiedad de la empresa Edis Wine. Cualquier reproducci\u00f3n, incluso parcial, debe contar con su autorizaci\u00f3n previa por escrito.<\/p>\n<h2>Condiciones generales de venta de servicios<\/h2>\n<p>Las condiciones de venta se aplican a los servicios y forman parte integral del contrato suscrito con Edis Wine. La aceptaci\u00f3n de las condiciones generales y particulares de venta por parte del comprador es un requisito previo indispensable para cualquier reserva y\/o solicitud de prestaciones propuestas por Edis Wine. El pedido se rige por las condiciones de venta vigentes el d\u00eda de la realizaci\u00f3n del pedido.<\/p>\n<p><strong>1. Precio y pago<\/strong><br \/>\nTodos los precios est\u00e1n euros, incluidos los impuestos. Salvo que se indique expresamente en la descripci\u00f3n de la oferta. Los precios incluyen, los impuestos de estancia del hotel, comidas y bebidas. Todo lo que no est\u00e9 incluido en el paquete, los \u00abextras\u00bb se pagar\u00e1n directamente in situ en el hotel, as\u00ed como las llamadas telef\u00f3nicas, las visitas, las entradas a museos y otros lugares, los gastos de orden personal y las propinas.<br \/>\nLos precios indicados son aquellos vigentes en la fecha de la reserva. Son susceptibles de ser revisados. Para los clientes que ya est\u00e1n inscritos, la revisi\u00f3n al alza del precio de su viaje no puede ocurrir menos de treinta d\u00edas antes de la fecha de salida.<br \/>\nSe aceptan las siguientes modalidades de pago: transferencia, cheque bancario.<br \/>\nPara cualquier inscripci\u00f3n m\u00e1s de treinta d\u00edas antes de la fecha de salida, se debe abonar un dep\u00f3sito m\u00ednimo del 30 % del importe total en el momento de la reserva, y se debe abonar el resto al menos 30 d\u00edas antes de la salida.<br \/>\nPara cualquier inscripci\u00f3n en menos de treinta d\u00edas a partir de la fecha de salida, se requerir\u00e1 el importe total de la estancia al momento de inscribirse.<br \/>\nDado que el pago es una condici\u00f3n esencial del contrato, el pedido se cancelar\u00e1 por falta de pago y no se requerir\u00e1 que Edis Wine preste su servicio antes de recibir y cobrar el pago completo.<\/p>\n<p><strong>2. Cancelaci\u00f3n y modificaci\u00f3n<\/strong><br \/>\nCualquier solicitud de modificaci\u00f3n o cancelaci\u00f3n del pedido debe llegar a Edis Wine imperativamente por medio de un correo electr\u00f3nico a la siguiente direcci\u00f3n: contact@ediswine.com y confirmarse a su vez por parte de Edis Wine mediante otro correo electr\u00f3nico.<\/p>\n<p>La cancelaci\u00f3n o modificaci\u00f3n de cualquier reserva conlleva unos gastos que se facturar\u00e1n seg\u00fan el siguiente baremo:<\/p>\n<p>Entre 30 y 20 d\u00edas antes de la salida: 25 % del importe total (impuestos incluidos).<br \/>\nEntre 19 y 8 d\u00edas antes de la salida: 50 % del importe total (impuestos incluidos).<br \/>\nA &#8211; 7 d\u00edas antes de la salida: 100 % del importe total, impuestos incluidos<\/p>\n<p><strong>3. No hay derecho de desistimiento<\/strong><br \/>\nSeg\u00fan lo dispuesto en el Art\u00edculo L.121-20-4, 2 \u00b0 del C\u00f3digo del Consumidor franc\u00e9s, el derecho de desistimiento previsto en la venta a distancia no se aplica a los contratos de venta de servicios de alojamiento, transporte, restauraci\u00f3n y ocio que deben proporcionarse en una fecha o per\u00edodo espec\u00edfico.<br \/>\n<strong>4. Seguro<\/strong><br \/>\nEl seguro de cancelaci\u00f3n o responsabilidad civil no est\u00e1 incluido en los precios ofrecidos por el organizador. Por lo tanto, se le pide al Comprador que verifique si su seguro personal cubre un seguro de cancelaci\u00f3n o responsabilidad civil por los da\u00f1os que pueda ocasionar personalmente. De lo contrario, se recomienda encarecidamente suscribirse a uno.<\/p>\n","protected":false},"excerpt":{"rendered":"<p>Advertencias legales Esta p\u00e1gina Web est\u00e1 publicada por EDIS WINE, cuyo representante es Samuel Ingelaere. Sociedad Limitada (SARL) con un capital de 2 000 euros registrada en el Registro Mercantil (RCS) de BAYONA con el n\u00famero 504 878 059 C\u00d3DIGO APE 4634Z Sede social: Centre International d&#8217;Affaires &#8211; Boulevard Marcel Dassault &#8211; 64200 BIARRITZ N\u00famero&hellip;<\/p>\n","protected":false},"author":1,"featured_media":0,"parent":0,"menu_order":19,"comment_status":"closed","ping_status":"closed","template":"","meta":{"footnotes":""},"_links":{"self":[{"href":"https:\/\/ediswine.com\/es\/wp-json\/wp\/v2\/pages\/4522"}],"collection":[{"href":"https:\/\/ediswine.com\/es\/wp-json\/wp\/v2\/pages"}],"about":[{"href":"https:\/\/ediswine.com\/es\/wp-json\/wp\/v2\/types\/page"}],"author":[{"embeddable":true,"href":"https:\/\/ediswine.com\/es\/wp-json\/wp\/v2\/users\/1"}],"replies":[{"embeddable":true,"href":"https:\/\/ediswine.com\/es\/wp-json\/wp\/v2\/comments?post=4522"}],"version-history":[{"count":3,"href":"https:\/\/ediswine.com\/es\/wp-json\/wp\/v2\/pages\/4522\/revisions"}],"predecessor-version":[{"id":4609,"href":"https:\/\/ediswine.com\/es\/wp-json\/wp\/v2\/pages\/4522\/revisions\/4609"}],"wp:attachment":[{"href":"https:\/\/ediswine.com\/es\/wp-json\/wp\/v2\/media?parent=4522"}],"curies":[{"name":"wp","href":"https:\/\/api.w.org\/{rel}","templated":true}]}}