{"id":4521,"date":"2017-01-02T10:08:04","date_gmt":"2017-01-02T09:08:04","guid":{"rendered":"https:\/\/ediswine.com\/es\/sejour\/"},"modified":"2018-11-07T11:00:24","modified_gmt":"2018-11-07T10:00:24","slug":"estancias","status":"publish","type":"page","link":"https:\/\/ediswine.com\/es\/estancias\/","title":{"rendered":"Estancias"},"content":{"rendered":"<p>[vc_row css=\u00bb.vc_custom_1484410893060{margin-bottom: 45px !important;}\u00bb][vc_column reveal_effect=\u00bbfadeIn\u00bb reveal_duration=\u00bb0.7&#8243;][vc_raw_html]JTNDZGl2JTIwY2xhc3MlM0QlMjJndGxpbmUlMjIlM0UlMEElM0NoMSUzRUVzdGFuY2lhcyUzQyUyRmgxJTNFJTBBJTNDZGl2JTIwY2xhc3MlM0QlMjJtZW51LWZvb3Rlci1jb250YWluZXIlMjIlM0UlM0N1bCUyMGlkJTNEJTIybWVudS1mb290ZXItMSUyMiUyMGNsYXNzJTNEJTIybWVudSUyMiUzRSUwQSUwQSUzQ2xpJTIwY2xhc3MlM0QlMjJtZW51LWl0ZW0lMjBtZW51LWl0ZW0tdHlwZS1wb3N0X3R5cGUlMjBtZW51LWl0ZW0tb2JqZWN0LXBhZ2UlMjBtZW51LWl0ZW0tMzc0NSUyMiUzRSUzQ2ElMjBocmVmJTNEJTIyJTJGYXVkaXRvcmlhLWRlLWJvZGVnYSUyMiUzRUF1ZGl0b3JpYSUyMGRlJTIwYm9kZWdhJTNDJTJGYSUzRSUzQyUyRmxpJTNFJTBBJTBBJTNDbGklMjBjbGFzcyUzRCUyMm1lbnUtaXRlbSUyMG1lbnUtaXRlbS10eXBlLXBvc3RfdHlwZSUyMG1lbnUtaXRlbS1vYmplY3QtcGFnZSUyMG1lbnUtaXRlbS0zNzQ1JTIyJTNFJTNDYSUyMGhyZWYlM0QlMjIlMkZjYWphLXJlZ2Fsb3MlMjIlM0VDYWphJTIwcmVnYWxvcyUzQyUyRmElM0UlM0MlMkZsaSUzRSUwQSUwQSUzQ2xpJTIwY2xhc3MlM0QlMjJtZW51LWl0ZW0lMjBtZW51LWl0ZW0tdHlwZS1wb3N0X3R5cGUlMjBtZW51LWl0ZW0tb2JqZWN0LXBhZ2UlMjBtZW51LWl0ZW0tMzc0NCUyMiUzRSUzQ2ElMjBocmVmJTNEJTIyJTJGdGFsbGVyZXMlMjIlM0VUYWxsZXJlcyUzQyUyRmElM0UlM0MlMkZsaSUzRSUwQSUwQSUzQ2xpJTIwY2xhc3MlM0QlMjJtZW51LWl0ZW0lMjBtZW51LWl0ZW0tdHlwZS1wb3N0X3R5cGUlMjBtZW51LWl0ZW0tb2JqZWN0LXBhZ2UlMjBtZW51LWl0ZW0tMzc0MyUyMiUzRSUzQ2ElMjBocmVmJTNEJTIyJTJGY2FydGEtZGUtdmlub3MlMjIlM0VDYXJ0YSUyMGRlJTIwdmlub3MlM0MlMkZhJTNFJTNDJTJGbGklM0UlMEElMEElMEElM0NsaSUyMGNsYXNzJTNEJTIybWVudS1pdGVtJTIwbWVudS1pdGVtLXR5cGUtcG9zdF90eXBlJTIwbWVudS1pdGVtLW9iamVjdC1wYWdlJTIwbWVudS1pdGVtLTM3NDIlMjIlM0UlM0NhJTIwaHJlZiUzRCUyMiUyRmEtbWVkaWRhJTIyJTNFQSUyMG1lZGlkYSUzQyUyRmElM0UlM0MlMkZsaSUzRSUwQSUwQSUzQyUyRnVsJTNFJTNDJTJGZGl2JTNFJTNDJTJGZGl2JTNFJTBB[\/vc_raw_html][\/vc_column][\/vc_row][vc_row css=\u00bb.vc_custom_1484393167295{margin-bottom: 0px !important;background-color: #ffffff !important;}\u00bb][vc_column reveal_effect=\u00bbfadeIn\u00bb width=\u00bb1\/2&#8243; reveal_duration=\u00bb1&#8243; css=\u00bb.vc_custom_1427234139084{margin-right: 0px !important;padding-right: 0px !important;}\u00bb][vc_single_image image=\u00bb3942&#8243; img_size=\u00bb585&#215;390&#8243; css=\u00bb.vc_custom_1484728253535{margin-bottom: 0px !important;}\u00bb][\/vc_column][vc_column reveal_effect=\u00bbfadeIn\u00bb width=\u00bb1\/2&#8243; reveal_duration=\u00bb1&#8243;][lab_service_box css=\u00bb.vc_custom_1482345032908{padding-top: 65px !important;padding-right: 45px !important;padding-bottom: 45px !important;padding-left: 45px !important;}\u00bb][lab_service_box_content title=\u00bbDescubrimiento\u00bb description=\u00bbDescubrir una regi\u00f3n vit\u00edcola y sus tesoros con un gu\u00eda diferente\u2026 conociendo los viticultores, recorriendo los vi\u00f1edos, permite disfrutar del vino de un modo diferente, en perfecta sinton\u00eda con su tierra. Las estancias incluyen transportes, hoteles prestigiosos y comidas gastron\u00f3micas\u2026 para un m\u00e1ximo de 8 personas.\u00bb][\/lab_service_box][\/vc_column][\/vc_row][vc_row css=\u00bb.vc_custom_1484391798772{margin-bottom: 0px !important;background-color: #ffffff !important;}\u00bb][vc_column reveal_effect=\u00bbfadeIn\u00bb width=\u00bb1\/2&#8243; reveal_duration=\u00bb1&#8243;][lab_service_box css=\u00bb.vc_custom_1484391749287{padding-top: 65px !important;padding-right: 45px !important;padding-bottom: 45px !important;padding-left: 45px !important;background-color: #ffffff !important;}\u00bb][lab_service_box_content title=\u00bbComprender\u00bb description=\u00bb\u00bfY que dir\u00eda de una excursi\u00f3n en Borgo\u00f1a, en Champa\u00f1a o al extranjero? Le proponemos toda una gama de viaje enol\u00f3gico para particulares, pero tambi\u00e9n para equipos de una misma empresa para descubrir los placeres del terroir mediante un paseo por los vi\u00f1edos, una cata de vinos en las bodegas, un encuentro con los viticultores\u2026 y comidas que ensalzan el vino. Una estancia en un vi\u00f1edo es sin duda la mejor manera de entender la identidad del vino.\u00bb][\/lab_service_box][\/vc_column][vc_column reveal_effect=\u00bbfadeIn\u00bb width=\u00bb1\/2&#8243; css=\u00bb.vc_custom_1484392928281{margin-left: 0px !important;padding-right: 0px !important;padding-left: 0px !important;}\u00bb reveal_duration=\u00bb1&#8243;][vc_single_image image=\u00bb3943&#8243; img_size=\u00bb585&#215;390&#8243; css=\u00bb.vc_custom_1484728289667{margin-bottom: 0px !important;}\u00bb][\/vc_column][\/vc_row][vc_row css=\u00bb.vc_custom_1484393175884{margin-bottom: 0px !important;background-color: #ffffff !important;}\u00bb][vc_column reveal_effect=\u00bbfadeIn\u00bb width=\u00bb1\/2&#8243; reveal_duration=\u00bb1&#8243; css=\u00bb.vc_custom_1427234139084{margin-right: 0px !important;padding-right: 0px !important;}\u00bb][vc_single_image image=\u00bb4394&#8243; img_size=\u00bb585&#215;460&#8243; css=\u00bb.vc_custom_1487490099571{margin-bottom: 0px !important;}\u00bb][\/vc_column][vc_column reveal_effect=\u00bbfadeIn\u00bb width=\u00bb1\/2&#8243; reveal_duration=\u00bb1&#8243;][lab_service_box css=\u00bb.vc_custom_1484391689310{padding-top: 65px !important;padding-right: 45px !important;padding-bottom: 45px !important;padding-left: 45px !important;}\u00bb][lab_service_box_content title=\u00bbPrograma\u00bb description=\u00bbSi desea conciliar viaje y descubrir vi\u00f1edos, le presentamos el programa de las primeras visitas en 2019.<br \/>\nEn marzo descubra la Borgo\u00f1a a trav\u00e9s de 10 bodegas excepcionales desde Beaune, pasando por Vosne, Chambertin, Meursault y otros pueblos vit\u00edcolas.<br \/>\nProbar\u00e1 m\u00e1s de 50 vinos, descritos y comentados y todas sus comidas estar\u00e1n seleccionadas en consonancia con los vinos. El viaje incluye 3 noches, 6 almuerzos y cenas en diferentes restaurantes y los desplazamientos con conductor.<br \/>\nEl precio es de 1.900 \u20ac desde la salida del primer hotel. En junio el Valle del R\u00f3dano le ofrecer\u00e1 el mismo modelo de viaje personalizado.<br \/>\nEn octubre, disfrute de todos los tonos de la Champa\u00f1a en compa\u00f1\u00eda de Samuel. Esta bebida m\u00e1gica ya no tendr\u00e1 secreto para usted.<br \/>\n\u00ab][\/lab_service_box][\/vc_column][\/vc_row][vc_row css=\u00bb.vc_custom_1484393175884{margin-bottom: 0px !important;background-color: #ffffff !important;}\u00bb][vc_column reveal_effect=\u00bbfadeIn\u00bb width=\u00bb1\/2&#8243; reveal_duration=\u00bb1&#8243;][lab_service_box css=\u00bb.vc_custom_1484391689310{padding-top: 65px !important;padding-right: 45px !important;padding-bottom: 45px !important;padding-left: 45px !important;}\u00bb][lab_service_box_content title=\u00bbContacto\u00bb description=\u00bbSi desea tener m\u00e1s informaci\u00f3n e inscribirse, contacte por favor con Melissa al +33 9 82271038 o escriban un mensaje en nuestro apartado \u2018contact\u2019 en nuestra web.\u00bb][\/lab_service_box][\/vc_column][vc_column reveal_effect=\u00bbfadeIn\u00bb width=\u00bb1\/2&#8243; reveal_duration=\u00bb1&#8243; css=\u00bb.vc_custom_1427234139084{margin-right: 0px !important;padding-right: 0px !important;}\u00bb][vc_single_image image=\u00bb3946&#8243; img_size=\u00bb585&#215;390&#8243; css=\u00bb.vc_custom_1484728440613{margin-bottom: 0px !important;}\u00bb][\/vc_column][\/vc_row]<\/p>\n","protected":false},"excerpt":{"rendered":"<p>[vc_row css=\u00bb.vc_custom_1484410893060{margin-bottom: 45px !important;}\u00bb][vc_column reveal_effect=\u00bbfadeIn\u00bb reveal_duration=\u00bb0.7&#8243;][vc_raw_html]JTNDZGl2JTIwY2xhc3MlM0QlMjJndGxpbmUlMjIlM0UlMEElM0NoMSUzRUVzdGFuY2lhcyUzQyUyRmgxJTNFJTBBJTNDZGl2JTIwY2xhc3MlM0QlMjJtZW51LWZvb3Rlci1jb250YWluZXIlMjIlM0UlM0N1bCUyMGlkJTNEJTIybWVudS1mb290ZXItMSUyMiUyMGNsYXNzJTNEJTIybWVudSUyMiUzRSUwQSUwQSUzQ2xpJTIwY2xhc3MlM0QlMjJtZW51LWl0ZW0lMjBtZW51LWl0ZW0tdHlwZS1wb3N0X3R5cGUlMjBtZW51LWl0ZW0tb2JqZWN0LXBhZ2UlMjBtZW51LWl0ZW0tMzc0NSUyMiUzRSUzQ2ElMjBocmVmJTNEJTIyJTJGYXVkaXRvcmlhLWRlLWJvZGVnYSUyMiUzRUF1ZGl0b3JpYSUyMGRlJTIwYm9kZWdhJTNDJTJGYSUzRSUzQyUyRmxpJTNFJTBBJTBBJTNDbGklMjBjbGFzcyUzRCUyMm1lbnUtaXRlbSUyMG1lbnUtaXRlbS10eXBlLXBvc3RfdHlwZSUyMG1lbnUtaXRlbS1vYmplY3QtcGFnZSUyMG1lbnUtaXRlbS0zNzQ1JTIyJTNFJTNDYSUyMGhyZWYlM0QlMjIlMkZjYWphLXJlZ2Fsb3MlMjIlM0VDYWphJTIwcmVnYWxvcyUzQyUyRmElM0UlM0MlMkZsaSUzRSUwQSUwQSUzQ2xpJTIwY2xhc3MlM0QlMjJtZW51LWl0ZW0lMjBtZW51LWl0ZW0tdHlwZS1wb3N0X3R5cGUlMjBtZW51LWl0ZW0tb2JqZWN0LXBhZ2UlMjBtZW51LWl0ZW0tMzc0NCUyMiUzRSUzQ2ElMjBocmVmJTNEJTIyJTJGdGFsbGVyZXMlMjIlM0VUYWxsZXJlcyUzQyUyRmElM0UlM0MlMkZsaSUzRSUwQSUwQSUzQ2xpJTIwY2xhc3MlM0QlMjJtZW51LWl0ZW0lMjBtZW51LWl0ZW0tdHlwZS1wb3N0X3R5cGUlMjBtZW51LWl0ZW0tb2JqZWN0LXBhZ2UlMjBtZW51LWl0ZW0tMzc0MyUyMiUzRSUzQ2ElMjBocmVmJTNEJTIyJTJGY2FydGEtZGUtdmlub3MlMjIlM0VDYXJ0YSUyMGRlJTIwdmlub3MlM0MlMkZhJTNFJTNDJTJGbGklM0UlMEElMEElMEElM0NsaSUyMGNsYXNzJTNEJTIybWVudS1pdGVtJTIwbWVudS1pdGVtLXR5cGUtcG9zdF90eXBlJTIwbWVudS1pdGVtLW9iamVjdC1wYWdlJTIwbWVudS1pdGVtLTM3NDIlMjIlM0UlM0NhJTIwaHJlZiUzRCUyMiUyRmEtbWVkaWRhJTIyJTNFQSUyMG1lZGlkYSUzQyUyRmElM0UlM0MlMkZsaSUzRSUwQSUwQSUzQyUyRnVsJTNFJTNDJTJGZGl2JTNFJTNDJTJGZGl2JTNFJTBB[\/vc_raw_html][\/vc_column][\/vc_row][vc_row css=\u00bb.vc_custom_1484393167295{margin-bottom: 0px !important;background-color: #ffffff !important;}\u00bb][vc_column reveal_effect=\u00bbfadeIn\u00bb width=\u00bb1\/2&#8243; reveal_duration=\u00bb1&#8243; css=\u00bb.vc_custom_1427234139084{margin-right: 0px !important;padding-right: 0px !important;}\u00bb][vc_single_image image=\u00bb3942&#8243; img_size=\u00bb585&#215;390&#8243; css=\u00bb.vc_custom_1484728253535{margin-bottom: 0px !important;}\u00bb][\/vc_column][vc_column reveal_effect=\u00bbfadeIn\u00bb width=\u00bb1\/2&#8243; reveal_duration=\u00bb1&#8243;][lab_service_box css=\u00bb.vc_custom_1482345032908{padding-top: 65px !important;padding-right: 45px !important;padding-bottom: 45px !important;padding-left: 45px !important;}\u00bb][lab_service_box_content title=\u00bbDescubrimiento\u00bb description=\u00bbDescubrir una regi\u00f3n vit\u00edcola y sus tesoros con un gu\u00eda diferente\u2026 conociendo los viticultores, recorriendo los vi\u00f1edos, permite&hellip;<\/p>\n","protected":false},"author":1,"featured_media":0,"parent":0,"menu_order":8,"comment_status":"closed","ping_status":"closed","template":"","meta":{"footnotes":""},"_links":{"self":[{"href":"https:\/\/ediswine.com\/es\/wp-json\/wp\/v2\/pages\/4521"}],"collection":[{"href":"https:\/\/ediswine.com\/es\/wp-json\/wp\/v2\/pages"}],"about":[{"href":"https:\/\/ediswine.com\/es\/wp-json\/wp\/v2\/types\/page"}],"author":[{"embeddable":true,"href":"https:\/\/ediswine.com\/es\/wp-json\/wp\/v2\/users\/1"}],"replies":[{"embeddable":true,"href":"https:\/\/ediswine.com\/es\/wp-json\/wp\/v2\/comments?post=4521"}],"version-history":[{"count":6,"href":"https:\/\/ediswine.com\/es\/wp-json\/wp\/v2\/pages\/4521\/revisions"}],"predecessor-version":[{"id":4629,"href":"https:\/\/ediswine.com\/es\/wp-json\/wp\/v2\/pages\/4521\/revisions\/4629"}],"wp:attachment":[{"href":"https:\/\/ediswine.com\/es\/wp-json\/wp\/v2\/media?parent=4521"}],"curies":[{"name":"wp","href":"https:\/\/api.w.org\/{rel}","templated":true}]}}