{"id":4516,"date":"2017-01-14T12:41:35","date_gmt":"2017-01-14T11:41:35","guid":{"rendered":"https:\/\/ediswine.com\/es\/audit-de-cave\/"},"modified":"2018-11-06T08:00:14","modified_gmt":"2018-11-06T07:00:14","slug":"auditoria-de-bodega","status":"publish","type":"page","link":"https:\/\/ediswine.com\/es\/auditoria-de-bodega\/","title":{"rendered":"Auditoria de Bodega"},"content":{"rendered":"<p>[vc_row][vc_column reveal_effect=\u00bbfadeIn\u00bb reveal_duration=\u00bb0.7&#8243; el_class=\u00bbtitle-wrapper\u00bb][vc_raw_html]JTNDZGl2JTIwY2xhc3MlM0QlMjJndGxpbmUlMjIlM0UlMEElMEElM0NoMSUzRUF1ZGl0b3JpYSUyMGRlJTIwQm9kZWdhJTNDJTJGaDElM0UlMEElM0NkaXYlMjBjbGFzcyUzRCUyMm1lbnUtZm9vdGVyLWNvbnRhaW5lciUyMiUzRSUzQ3VsJTIwaWQlM0QlMjJtZW51LWZvb3Rlci0xJTIyJTIwY2xhc3MlM0QlMjJtZW51JTIyJTNFJTBBJTBBJTBBJTBBJTNDbGklMjBjbGFzcyUzRCUyMm1lbnUtaXRlbSUyMG1lbnUtaXRlbS10eXBlLXBvc3RfdHlwZSUyMG1lbnUtaXRlbS1vYmplY3QtcGFnZSUyMG1lbnUtaXRlbS0zNzQ1JTIyJTNFJTNDYSUyMGhyZWYlM0QlMjIlMkZjYWphLXJlZ2Fsb3MlMjIlM0VDYWphJTIwcmVnYWxvcyUzQyUyRmElM0UlM0MlMkZsaSUzRSUwQSUwQSUzQ2xpJTIwY2xhc3MlM0QlMjJtZW51LWl0ZW0lMjBtZW51LWl0ZW0tdHlwZS1wb3N0X3R5cGUlMjBtZW51LWl0ZW0tb2JqZWN0LXBhZ2UlMjBtZW51LWl0ZW0tMzc0NCUyMiUzRSUzQ2ElMjBocmVmJTNEJTIyJTJGdGFsbGVyZXMlMjIlM0VUYWxsZXJlcyUzQyUyRmElM0UlM0MlMkZsaSUzRSUwQSUwQSUzQ2xpJTIwY2xhc3MlM0QlMjJtZW51LWl0ZW0lMjBtZW51LWl0ZW0tdHlwZS1wb3N0X3R5cGUlMjBtZW51LWl0ZW0tb2JqZWN0LXBhZ2UlMjBtZW51LWl0ZW0tMzc0MyUyMiUzRSUzQ2ElMjBocmVmJTNEJTIyJTJGY2FydGEtZGUtdmlub3MlMjIlM0VDYXJ0YSUyMGRlJTIwdmlub3MlM0MlMkZhJTNFJTNDJTJGbGklM0UlMEElMEElM0NsaSUyMGNsYXNzJTNEJTIybWVudS1pdGVtJTIwbWVudS1pdGVtLXR5cGUtcG9zdF90eXBlJTIwbWVudS1pdGVtLW9iamVjdC1wYWdlJTIwbWVudS1pdGVtLTM3NDYlMjIlM0UlM0NhJTIwaHJlZiUzRCUyMiUyRmVzdGFuY2lhcyUyMiUzRUVzdGFuY2lhcyUzQyUyRmElM0UlM0MlMkZsaSUzRSUwQSUwQSUzQ2xpJTIwY2xhc3MlM0QlMjJtZW51LWl0ZW0lMjBtZW51LWl0ZW0tdHlwZS1wb3N0X3R5cGUlMjBtZW51LWl0ZW0tb2JqZWN0LXBhZ2UlMjBtZW51LWl0ZW0tMzc0MiUyMiUzRSUzQ2ElMjBocmVmJTNEJTIyJTJGYS1tZWRpZGElMjIlM0VBJTIwbWVkaWRhJTNDJTJGYSUzRSUzQyUyRmxpJTNFJTBBJTBBJTNDJTJGdWwlM0UlM0MlMkZkaXYlM0UlM0MlMkZkaXYlM0U=[\/vc_raw_html][\/vc_column][\/vc_row][vc_row css=\u00bb.vc_custom_1484393167295{margin-bottom: 0px !important;background-color: #ffffff !important;}\u00bb][vc_column reveal_effect=\u00bbfadeIn\u00bb width=\u00bb1\/2&#8243; reveal_duration=\u00bb1&#8243; css=\u00bb.vc_custom_1427234139084{margin-right: 0px !important;padding-right: 0px !important;}\u00bb][vc_single_image image=\u00bb3641&#8243; img_size=\u00bbfull\u00bb css=\u00bb.vc_custom_1482344920713{margin-bottom: 0px !important;}\u00bb][\/vc_column][vc_column reveal_effect=\u00bbfadeIn\u00bb width=\u00bb1\/2&#8243; reveal_duration=\u00bb1&#8243;][lab_service_box css=\u00bb.vc_custom_1482345032908{padding-top: 65px !important;padding-right: 45px !important;padding-bottom: 45px !important;padding-left: 45px !important;}\u00bb][lab_service_box_content title=\u00bbCreaci\u00f3n\u00bb description=\u00bbAl principio es un procedimiento similar a la creaci\u00f3n de una carta de vinos para un restaurante\u2026al final tiene el privilegio de confiar su bodega al Mejor Sumiller de Francia.\u00bb][\/lab_service_box][\/vc_column][\/vc_row][vc_row css=\u00bb.vc_custom_1484391798772{margin-bottom: 0px !important;background-color: #ffffff !important;}\u00bb][vc_column reveal_effect=\u00bbfadeIn\u00bb width=\u00bb1\/2&#8243; reveal_duration=\u00bb1&#8243;][lab_service_box css=\u00bb.vc_custom_1484391749287{padding-top: 65px !important;padding-right: 45px !important;padding-bottom: 45px !important;padding-left: 45px !important;background-color: #ffffff !important;}\u00bb][lab_service_box_content title=\u00bbSelecci\u00f3n\u00bb description=\u00bbSamuel y su equipo tomar\u00e1n en cuenta sus gustos en vino y los de sus amigos y familiares. \u00bfQu\u00e9 relaci\u00f3n mantiene con el vino? \u00bfC\u00f3mo ha creado su bodega? \u00bfQu\u00e9 instalaciones de conservaci\u00f3n posee? Tras este minucioso an\u00e1lisis, Ediswine le propondr\u00e1 una selecci\u00f3n de botellas para completar su colecci\u00f3n, crear una caja a su medida y seg\u00fan sus especificidades.<br \/>\n\u00ab][\/lab_service_box][\/vc_column][vc_column reveal_effect=\u00bbfadeIn\u00bb width=\u00bb1\/2&#8243; css=\u00bb.vc_custom_1484392928281{margin-left: 0px !important;padding-right: 0px !important;padding-left: 0px !important;}\u00bb reveal_duration=\u00bb1&#8243;][vc_single_image image=\u00bb3639&#8243; img_size=\u00bbfull\u00bb css=\u00bb.vc_custom_1482344744140{margin-bottom: 0px !important;}\u00bb][\/vc_column][\/vc_row][vc_row css=\u00bb.vc_custom_1484393175884{margin-bottom: 0px !important;background-color: #ffffff !important;}\u00bb][vc_column reveal_effect=\u00bbfadeIn\u00bb width=\u00bb1\/2&#8243; reveal_duration=\u00bb1&#8243; css=\u00bb.vc_custom_1427234139084{margin-right: 0px !important;padding-right: 0px !important;}\u00bb][vc_single_image image=\u00bb3932&#8243; img_size=\u00bb585&#215;390&#8243; css=\u00bb.vc_custom_1484727668678{margin-bottom: 0px !important;}\u00bb][\/vc_column][vc_column reveal_effect=\u00bbfadeIn\u00bb width=\u00bb1\/2&#8243; reveal_duration=\u00bb1&#8243;][lab_service_box css=\u00bb.vc_custom_1484391689310{padding-top: 65px !important;padding-right: 45px !important;padding-bottom: 45px !important;padding-left: 45px !important;}\u00bb][lab_service_box_content title=\u00bbServicios\u00bb description=\u00bbConf\u00edenos su bodega para una auditoria a medida. Le acompa\u00f1aremos para enriquecer su bodega con los mejores crudos, adaptados a sus gustos y su presupuesto.<br \/>\nEste servicio incluye un desplazamiento, un an\u00e1lisis completo y una oferta a medida adecuada. Si desea un presupuesto, no dude en contactar por correo electr\u00f3nico con contact@ediswine.com o visitarnos directamente en nuestro showroom de Gu\u00e9thary (Francia).\u00bb][\/lab_service_box][\/vc_column][\/vc_row]<\/p>\n","protected":false},"excerpt":{"rendered":"<p>[vc_row][vc_column reveal_effect=\u00bbfadeIn\u00bb reveal_duration=\u00bb0.7&#8243; el_class=\u00bbtitle-wrapper\u00bb][vc_raw_html]JTNDZGl2JTIwY2xhc3MlM0QlMjJndGxpbmUlMjIlM0UlMEElMEElM0NoMSUzRUF1ZGl0b3JpYSUyMGRlJTIwQm9kZWdhJTNDJTJGaDElM0UlMEElM0NkaXYlMjBjbGFzcyUzRCUyMm1lbnUtZm9vdGVyLWNvbnRhaW5lciUyMiUzRSUzQ3VsJTIwaWQlM0QlMjJtZW51LWZvb3Rlci0xJTIyJTIwY2xhc3MlM0QlMjJtZW51JTIyJTNFJTBBJTBBJTBBJTBBJTNDbGklMjBjbGFzcyUzRCUyMm1lbnUtaXRlbSUyMG1lbnUtaXRlbS10eXBlLXBvc3RfdHlwZSUyMG1lbnUtaXRlbS1vYmplY3QtcGFnZSUyMG1lbnUtaXRlbS0zNzQ1JTIyJTNFJTNDYSUyMGhyZWYlM0QlMjIlMkZjYWphLXJlZ2Fsb3MlMjIlM0VDYWphJTIwcmVnYWxvcyUzQyUyRmElM0UlM0MlMkZsaSUzRSUwQSUwQSUzQ2xpJTIwY2xhc3MlM0QlMjJtZW51LWl0ZW0lMjBtZW51LWl0ZW0tdHlwZS1wb3N0X3R5cGUlMjBtZW51LWl0ZW0tb2JqZWN0LXBhZ2UlMjBtZW51LWl0ZW0tMzc0NCUyMiUzRSUzQ2ElMjBocmVmJTNEJTIyJTJGdGFsbGVyZXMlMjIlM0VUYWxsZXJlcyUzQyUyRmElM0UlM0MlMkZsaSUzRSUwQSUwQSUzQ2xpJTIwY2xhc3MlM0QlMjJtZW51LWl0ZW0lMjBtZW51LWl0ZW0tdHlwZS1wb3N0X3R5cGUlMjBtZW51LWl0ZW0tb2JqZWN0LXBhZ2UlMjBtZW51LWl0ZW0tMzc0MyUyMiUzRSUzQ2ElMjBocmVmJTNEJTIyJTJGY2FydGEtZGUtdmlub3MlMjIlM0VDYXJ0YSUyMGRlJTIwdmlub3MlM0MlMkZhJTNFJTNDJTJGbGklM0UlMEElMEElM0NsaSUyMGNsYXNzJTNEJTIybWVudS1pdGVtJTIwbWVudS1pdGVtLXR5cGUtcG9zdF90eXBlJTIwbWVudS1pdGVtLW9iamVjdC1wYWdlJTIwbWVudS1pdGVtLTM3NDYlMjIlM0UlM0NhJTIwaHJlZiUzRCUyMiUyRmVzdGFuY2lhcyUyMiUzRUVzdGFuY2lhcyUzQyUyRmElM0UlM0MlMkZsaSUzRSUwQSUwQSUzQ2xpJTIwY2xhc3MlM0QlMjJtZW51LWl0ZW0lMjBtZW51LWl0ZW0tdHlwZS1wb3N0X3R5cGUlMjBtZW51LWl0ZW0tb2JqZWN0LXBhZ2UlMjBtZW51LWl0ZW0tMzc0MiUyMiUzRSUzQ2ElMjBocmVmJTNEJTIyJTJGYS1tZWRpZGElMjIlM0VBJTIwbWVkaWRhJTNDJTJGYSUzRSUzQyUyRmxpJTNFJTBBJTBBJTNDJTJGdWwlM0UlM0MlMkZkaXYlM0UlM0MlMkZkaXYlM0U=[\/vc_raw_html][\/vc_column][\/vc_row][vc_row css=\u00bb.vc_custom_1484393167295{margin-bottom: 0px !important;background-color: #ffffff !important;}\u00bb][vc_column reveal_effect=\u00bbfadeIn\u00bb width=\u00bb1\/2&#8243; reveal_duration=\u00bb1&#8243; css=\u00bb.vc_custom_1427234139084{margin-right: 0px !important;padding-right: 0px !important;}\u00bb][vc_single_image image=\u00bb3641&#8243; img_size=\u00bbfull\u00bb css=\u00bb.vc_custom_1482344920713{margin-bottom: 0px !important;}\u00bb][\/vc_column][vc_column reveal_effect=\u00bbfadeIn\u00bb width=\u00bb1\/2&#8243; reveal_duration=\u00bb1&#8243;][lab_service_box css=\u00bb.vc_custom_1482345032908{padding-top: 65px !important;padding-right: 45px !important;padding-bottom: 45px !important;padding-left: 45px !important;}\u00bb][lab_service_box_content title=\u00bbCreaci\u00f3n\u00bb description=\u00bbAl principio es un procedimiento similar a la creaci\u00f3n de una carta de vinos para un restaurante\u2026al final tiene el&hellip;<\/p>\n","protected":false},"author":1,"featured_media":0,"parent":0,"menu_order":4,"comment_status":"closed","ping_status":"closed","template":"","meta":{"footnotes":""},"_links":{"self":[{"href":"https:\/\/ediswine.com\/es\/wp-json\/wp\/v2\/pages\/4516"}],"collection":[{"href":"https:\/\/ediswine.com\/es\/wp-json\/wp\/v2\/pages"}],"about":[{"href":"https:\/\/ediswine.com\/es\/wp-json\/wp\/v2\/types\/page"}],"author":[{"embeddable":true,"href":"https:\/\/ediswine.com\/es\/wp-json\/wp\/v2\/users\/1"}],"replies":[{"embeddable":true,"href":"https:\/\/ediswine.com\/es\/wp-json\/wp\/v2\/comments?post=4516"}],"version-history":[{"count":5,"href":"https:\/\/ediswine.com\/es\/wp-json\/wp\/v2\/pages\/4516\/revisions"}],"predecessor-version":[{"id":4617,"href":"https:\/\/ediswine.com\/es\/wp-json\/wp\/v2\/pages\/4516\/revisions\/4617"}],"wp:attachment":[{"href":"https:\/\/ediswine.com\/es\/wp-json\/wp\/v2\/media?parent=4516"}],"curies":[{"name":"wp","href":"https:\/\/api.w.org\/{rel}","templated":true}]}}