{"id":4515,"date":"2017-01-14T12:41:45","date_gmt":"2017-01-14T11:41:45","guid":{"rendered":"https:\/\/ediswine.com\/es\/coffrets-cadeaux\/"},"modified":"2018-11-06T08:00:48","modified_gmt":"2018-11-06T07:00:48","slug":"caja-regalos","status":"publish","type":"page","link":"https:\/\/ediswine.com\/es\/caja-regalos\/","title":{"rendered":"Caja-regalos"},"content":{"rendered":"<p>[vc_row][vc_column reveal_effect=\u00bbfadeIn\u00bb reveal_duration=\u00bb0.7&#8243;][vc_raw_html]JTNDZGl2JTIwY2xhc3MlM0QlMjJndGxpbmUlMjIlM0UlMEElMEElM0NoMSUzRUNhamEtcmVnYWxvcyUzQyUyRmgxJTNFJTBBJTNDZGl2JTIwY2xhc3MlM0QlMjJtZW51LWZvb3Rlci1jb250YWluZXIlMjIlM0UlM0N1bCUyMGlkJTNEJTIybWVudS1mb290ZXItMSUyMiUyMGNsYXNzJTNEJTIybWVudSUyMiUzRSUwQSUwQSUzQ2xpJTIwY2xhc3MlM0QlMjJtZW51LWl0ZW0lMjBtZW51LWl0ZW0tdHlwZS1wb3N0X3R5cGUlMjBtZW51LWl0ZW0tb2JqZWN0LXBhZ2UlMjBtZW51LWl0ZW0tMzc0NSUyMiUzRSUzQ2ElMjBocmVmJTNEJTIyJTJGYXVkaXRvcmlhLWRlLWJvZGVnYSUyMiUzRUF1ZGl0b3JpYSUyMGRlJTIwYm9kZWdhJTNDJTJGYSUzRSUzQyUyRmxpJTNFJTBBJTBBJTNDbGklMjBjbGFzcyUzRCUyMm1lbnUtaXRlbSUyMG1lbnUtaXRlbS10eXBlLXBvc3RfdHlwZSUyMG1lbnUtaXRlbS1vYmplY3QtcGFnZSUyMG1lbnUtaXRlbS0zNzQ0JTIyJTNFJTNDYSUyMGhyZWYlM0QlMjIlMkZ0YWxsZXJlcyUyMiUzRVRhbGxlcmVzJTNDJTJGYSUzRSUzQyUyRmxpJTNFJTBBJTBBJTNDbGklMjBjbGFzcyUzRCUyMm1lbnUtaXRlbSUyMG1lbnUtaXRlbS10eXBlLXBvc3RfdHlwZSUyMG1lbnUtaXRlbS1vYmplY3QtcGFnZSUyMG1lbnUtaXRlbS0zNzQzJTIyJTNFJTNDYSUyMGhyZWYlM0QlMjIlMkZjYXJ0YS1kZS12aW5vcyUyMiUzRUNhcnRhJTIwZGUlMjB2aW5vcyUzQyUyRmElM0UlM0MlMkZsaSUzRSUwQSUwQSUzQ2xpJTIwY2xhc3MlM0QlMjJtZW51LWl0ZW0lMjBtZW51LWl0ZW0tdHlwZS1wb3N0X3R5cGUlMjBtZW51LWl0ZW0tb2JqZWN0LXBhZ2UlMjBtZW51LWl0ZW0tMzc0NiUyMiUzRSUzQ2ElMjBocmVmJTNEJTIyJTJGZXN0YW5jaWFzJTIyJTNFRXN0YW5jaWFzJTNDJTJGYSUzRSUzQyUyRmxpJTNFJTBBJTBBJTNDbGklMjBjbGFzcyUzRCUyMm1lbnUtaXRlbSUyMG1lbnUtaXRlbS10eXBlLXBvc3RfdHlwZSUyMG1lbnUtaXRlbS1vYmplY3QtcGFnZSUyMG1lbnUtaXRlbS0zNzQyJTIyJTNFJTNDYSUyMGhyZWYlM0QlMjIlMkZhLW1lZGlkYSUyMiUzRUElMjBtZWRpZGElM0MlMkZhJTNFJTNDJTJGbGklM0UlMEElMEElM0MlMkZ1bCUzRSUzQyUyRmRpdiUzRSUzQyUyRmRpdiUzRQ==[\/vc_raw_html][\/vc_column][\/vc_row][vc_row css=\u00bb.vc_custom_1484393167295{margin-bottom: 0px !important;background-color: #ffffff !important;}\u00bb][vc_column reveal_effect=\u00bbfadeIn\u00bb width=\u00bb1\/2&#8243; reveal_duration=\u00bb1&#8243; css=\u00bb.vc_custom_1427234139084{margin-right: 0px !important;padding-right: 0px !important;}\u00bb][vc_single_image image=\u00bb3934&#8243; img_size=\u00bb585&#215;390&#8243; css=\u00bb.vc_custom_1484727847656{margin-bottom: 0px !important;}\u00bb][\/vc_column][vc_column reveal_effect=\u00bbfadeIn\u00bb width=\u00bb1\/2&#8243; reveal_duration=\u00bb1&#8243;][lab_service_box css=\u00bb.vc_custom_1482345032908{padding-top: 65px !important;padding-right: 45px !important;padding-bottom: 45px !important;padding-left: 45px !important;}\u00bb][lab_service_box_content title=\u00bbIdea\u00bb description=\u00bb\u00bfQu\u00e9 tal una caja numerada con una docena de vinos raros o intocables? Un regalo inestimable para un entusiasta del vino. Las \u00abcajas colecciones\u00ab imaginadas por Ediswine son series limitadas de doce botellas o seis magnums de vinos sumamente apreciados, provenientes de terroirs perfectamente seleccionados y sublimados por sus en\u00f3logos.\u00bb][\/lab_service_box][\/vc_column][\/vc_row][vc_row css=\u00bb.vc_custom_1484391798772{margin-bottom: 0px !important;background-color: #ffffff !important;}\u00bb][vc_column reveal_effect=\u00bbfadeIn\u00bb width=\u00bb1\/2&#8243; reveal_duration=\u00bb1&#8243;][lab_service_box css=\u00bb.vc_custom_1489675728338{padding-top: 65px !important;padding-right: 45px !important;padding-bottom: 0px !important;padding-left: 45px !important;background-color: #ffffff !important;}\u00bb][lab_service_box_content title=\u00bbCaja Ediswine\u00bb description=\u00bbUna caja Ediswine \u00abes la expresi\u00f3n singular de los mejores terroirs\u00ab.<br \/>\nLas cajas colecciones se editan una vez al a\u00f1o, en consonancia con equilibrios muy precisos de mineralidad, terroir y rareza y bajo la supervisi\u00f3n de Samuel. El precio de las cajas var\u00eda seg\u00fan la regi\u00f3n, los crudos y las bodegas.<br \/>\nEl n\u00famero est\u00e1 limitado a 100 cajas de doce botellas y 20 cajas de seis magnums. Todas las cajas est\u00e1n numeradas.<br \/>\nEl precio de una caja oscila entre 600 \u20ac y 4500 \u20ac dependiendo de las selecciones.<br \/>\nSi desea descubrir las cajas colecciones, vis\u00edtenos en el showroom de Gu\u00e9thary, si desea informaci\u00f3n sobre nuestra pr\u00f3xima colecci\u00f3n de cajas, suscr\u00edbase a nuestro bolet\u00edn de noticias (formulario al final de la p\u00e1gina).\u00bb][\/lab_service_box][\/vc_column][vc_column reveal_effect=\u00bbfadeIn\u00bb width=\u00bb1\/2&#8243; css=\u00bb.vc_custom_1484392928281{margin-left: 0px !important;padding-right: 0px !important;padding-left: 0px !important;}\u00bb reveal_duration=\u00bb1&#8243;][vc_single_image image=\u00bb3935&#8243; img_size=\u00bb585&#215;390&#8243; css=\u00bb.vc_custom_1484727874394{margin-bottom: 0px !important;}\u00bb][\/vc_column][\/vc_row][vc_row css=\u00bb.vc_custom_1484393175884{margin-bottom: 0px !important;background-color: #ffffff !important;}\u00bb][vc_column reveal_effect=\u00bbfadeIn\u00bb width=\u00bb1\/2&#8243; reveal_duration=\u00bb1&#8243; css=\u00bb.vc_custom_1427234139084{margin-right: 0px !important;padding-right: 0px !important;}\u00bb][vc_single_image image=\u00bb3936&#8243; img_size=\u00bb585&#215;390&#8243; css=\u00bb.vc_custom_1484727900713{margin-bottom: 0px !important;}\u00bb][\/vc_column][vc_column reveal_effect=\u00bbfadeIn\u00bb width=\u00bb1\/2&#8243; reveal_duration=\u00bb1&#8243;][lab_service_box css=\u00bb.vc_custom_1484391689310{padding-top: 65px !important;padding-right: 45px !important;padding-bottom: 45px !important;padding-left: 45px !important;}\u00bb][lab_service_box_content title=\u00bbUn compromiso mutuo\u00bb description=\u00bbEste enfoque es para usted una garant\u00eda de la calidad de los vinos ofrecidos y su extrema rareza. Este enfoque nos permite consolidar una relaci\u00f3n esencial entre los viticultores y Ediswine, basada en la confianza y la autenticidad.<br \/>\nSu compra de una caja colecci\u00f3n es mucho m\u00e1s que un tesoro, es tambi\u00e9n un compromiso moral. Nuestros clientes aceptan cuidar sus botellas (temperatura, higrometr\u00eda, luz &#8230;), para disfrutar de sus beneficios como les place y tambi\u00e9n para no revenderlas.\u00bb][\/lab_service_box][\/vc_column][\/vc_row]<\/p>\n","protected":false},"excerpt":{"rendered":"<p>[vc_row][vc_column reveal_effect=\u00bbfadeIn\u00bb reveal_duration=\u00bb0.7&#8243;][vc_raw_html]JTNDZGl2JTIwY2xhc3MlM0QlMjJndGxpbmUlMjIlM0UlMEElMEElM0NoMSUzRUNhamEtcmVnYWxvcyUzQyUyRmgxJTNFJTBBJTNDZGl2JTIwY2xhc3MlM0QlMjJtZW51LWZvb3Rlci1jb250YWluZXIlMjIlM0UlM0N1bCUyMGlkJTNEJTIybWVudS1mb290ZXItMSUyMiUyMGNsYXNzJTNEJTIybWVudSUyMiUzRSUwQSUwQSUzQ2xpJTIwY2xhc3MlM0QlMjJtZW51LWl0ZW0lMjBtZW51LWl0ZW0tdHlwZS1wb3N0X3R5cGUlMjBtZW51LWl0ZW0tb2JqZWN0LXBhZ2UlMjBtZW51LWl0ZW0tMzc0NSUyMiUzRSUzQ2ElMjBocmVmJTNEJTIyJTJGYXVkaXRvcmlhLWRlLWJvZGVnYSUyMiUzRUF1ZGl0b3JpYSUyMGRlJTIwYm9kZWdhJTNDJTJGYSUzRSUzQyUyRmxpJTNFJTBBJTBBJTNDbGklMjBjbGFzcyUzRCUyMm1lbnUtaXRlbSUyMG1lbnUtaXRlbS10eXBlLXBvc3RfdHlwZSUyMG1lbnUtaXRlbS1vYmplY3QtcGFnZSUyMG1lbnUtaXRlbS0zNzQ0JTIyJTNFJTNDYSUyMGhyZWYlM0QlMjIlMkZ0YWxsZXJlcyUyMiUzRVRhbGxlcmVzJTNDJTJGYSUzRSUzQyUyRmxpJTNFJTBBJTBBJTNDbGklMjBjbGFzcyUzRCUyMm1lbnUtaXRlbSUyMG1lbnUtaXRlbS10eXBlLXBvc3RfdHlwZSUyMG1lbnUtaXRlbS1vYmplY3QtcGFnZSUyMG1lbnUtaXRlbS0zNzQzJTIyJTNFJTNDYSUyMGhyZWYlM0QlMjIlMkZjYXJ0YS1kZS12aW5vcyUyMiUzRUNhcnRhJTIwZGUlMjB2aW5vcyUzQyUyRmElM0UlM0MlMkZsaSUzRSUwQSUwQSUzQ2xpJTIwY2xhc3MlM0QlMjJtZW51LWl0ZW0lMjBtZW51LWl0ZW0tdHlwZS1wb3N0X3R5cGUlMjBtZW51LWl0ZW0tb2JqZWN0LXBhZ2UlMjBtZW51LWl0ZW0tMzc0NiUyMiUzRSUzQ2ElMjBocmVmJTNEJTIyJTJGZXN0YW5jaWFzJTIyJTNFRXN0YW5jaWFzJTNDJTJGYSUzRSUzQyUyRmxpJTNFJTBBJTBBJTNDbGklMjBjbGFzcyUzRCUyMm1lbnUtaXRlbSUyMG1lbnUtaXRlbS10eXBlLXBvc3RfdHlwZSUyMG1lbnUtaXRlbS1vYmplY3QtcGFnZSUyMG1lbnUtaXRlbS0zNzQyJTIyJTNFJTNDYSUyMGhyZWYlM0QlMjIlMkZhLW1lZGlkYSUyMiUzRUElMjBtZWRpZGElM0MlMkZhJTNFJTNDJTJGbGklM0UlMEElMEElM0MlMkZ1bCUzRSUzQyUyRmRpdiUzRSUzQyUyRmRpdiUzRQ==[\/vc_raw_html][\/vc_column][\/vc_row][vc_row css=\u00bb.vc_custom_1484393167295{margin-bottom: 0px !important;background-color: #ffffff !important;}\u00bb][vc_column reveal_effect=\u00bbfadeIn\u00bb width=\u00bb1\/2&#8243; reveal_duration=\u00bb1&#8243; css=\u00bb.vc_custom_1427234139084{margin-right: 0px !important;padding-right: 0px !important;}\u00bb][vc_single_image image=\u00bb3934&#8243; img_size=\u00bb585&#215;390&#8243; css=\u00bb.vc_custom_1484727847656{margin-bottom: 0px !important;}\u00bb][\/vc_column][vc_column reveal_effect=\u00bbfadeIn\u00bb width=\u00bb1\/2&#8243; reveal_duration=\u00bb1&#8243;][lab_service_box css=\u00bb.vc_custom_1482345032908{padding-top: 65px !important;padding-right: 45px !important;padding-bottom: 45px !important;padding-left: 45px !important;}\u00bb][lab_service_box_content title=\u00bbIdea\u00bb description=\u00bb\u00bfQu\u00e9 tal una caja numerada con una docena de vinos raros o intocables? Un regalo inestimable para un entusiasta del vino.&hellip;<\/p>\n","protected":false},"author":1,"featured_media":0,"parent":0,"menu_order":5,"comment_status":"closed","ping_status":"closed","template":"","meta":{"footnotes":""},"_links":{"self":[{"href":"https:\/\/ediswine.com\/es\/wp-json\/wp\/v2\/pages\/4515"}],"collection":[{"href":"https:\/\/ediswine.com\/es\/wp-json\/wp\/v2\/pages"}],"about":[{"href":"https:\/\/ediswine.com\/es\/wp-json\/wp\/v2\/types\/page"}],"author":[{"embeddable":true,"href":"https:\/\/ediswine.com\/es\/wp-json\/wp\/v2\/users\/1"}],"replies":[{"embeddable":true,"href":"https:\/\/ediswine.com\/es\/wp-json\/wp\/v2\/comments?post=4515"}],"version-history":[{"count":4,"href":"https:\/\/ediswine.com\/es\/wp-json\/wp\/v2\/pages\/4515\/revisions"}],"predecessor-version":[{"id":4618,"href":"https:\/\/ediswine.com\/es\/wp-json\/wp\/v2\/pages\/4515\/revisions\/4618"}],"wp:attachment":[{"href":"https:\/\/ediswine.com\/es\/wp-json\/wp\/v2\/media?parent=4515"}],"curies":[{"name":"wp","href":"https:\/\/api.w.org\/{rel}","templated":true}]}}