{"id":4514,"date":"2017-01-14T12:42:01","date_gmt":"2017-01-14T11:42:01","guid":{"rendered":"https:\/\/ediswine.com\/es\/sur-mesure\/"},"modified":"2018-11-06T07:58:08","modified_gmt":"2018-11-06T06:58:08","slug":"a-medida","status":"publish","type":"page","link":"https:\/\/ediswine.com\/es\/a-medida\/","title":{"rendered":"A medida"},"content":{"rendered":"<p>[vc_row][vc_column reveal_effect=\u00bbfadeIn\u00bb reveal_duration=\u00bb0.7&#8243;][vc_raw_html]JTNDZGl2JTIwY2xhc3MlM0QlMjJndGxpbmUlMjIlM0UlMEElM0NoMSUzRUElMjBtZWRpZGElM0MlMkZoMSUzRSUwQSUzQ2RpdiUyMGNsYXNzJTNEJTIybWVudS1mb290ZXItY29udGFpbmVyJTIyJTNFJTNDdWwlMjBpZCUzRCUyMm1lbnUtZm9vdGVyLTElMjIlMjBjbGFzcyUzRCUyMm1lbnUlMjIlM0UlMEElMEElM0NsaSUyMGNsYXNzJTNEJTIybWVudS1pdGVtJTIwbWVudS1pdGVtLXR5cGUtcG9zdF90eXBlJTIwbWVudS1pdGVtLW9iamVjdC1wYWdlJTIwbWVudS1pdGVtLTM3NDUlMjIlM0UlM0NhJTIwaHJlZiUzRCUyMiUyRmF1ZGl0b3JpYS1kZS1ib2RlZ2ElMjIlM0VBdWRpdG9yaWElMjBkZSUyMGJvZGVnYSUzQyUyRmElM0UlM0MlMkZsaSUzRSUwQSUwQSUzQ2xpJTIwY2xhc3MlM0QlMjJtZW51LWl0ZW0lMjBtZW51LWl0ZW0tdHlwZS1wb3N0X3R5cGUlMjBtZW51LWl0ZW0tb2JqZWN0LXBhZ2UlMjBtZW51LWl0ZW0tMzc0NSUyMiUzRSUzQ2ElMjBocmVmJTNEJTIyJTJGY2FqYS1yZWdhbG9zJTIyJTNFQ2FqYSUyMHJlZ2Fsb3MlM0MlMkZhJTNFJTNDJTJGbGklM0UlMEElMEElM0NsaSUyMGNsYXNzJTNEJTIybWVudS1pdGVtJTIwbWVudS1pdGVtLXR5cGUtcG9zdF90eXBlJTIwbWVudS1pdGVtLW9iamVjdC1wYWdlJTIwbWVudS1pdGVtLTM3NDQlMjIlM0UlM0NhJTIwaHJlZiUzRCUyMiUyRnRhbGxlcmVzJTIyJTNFVGFsbGVyZXMlM0MlMkZhJTNFJTNDJTJGbGklM0UlMEElMEElM0NsaSUyMGNsYXNzJTNEJTIybWVudS1pdGVtJTIwbWVudS1pdGVtLXR5cGUtcG9zdF90eXBlJTIwbWVudS1pdGVtLW9iamVjdC1wYWdlJTIwbWVudS1pdGVtLTM3NDMlMjIlM0UlM0NhJTIwaHJlZiUzRCUyMiUyRmNhcnRhLWRlLXZpbm9zcyUyMiUzRUNhcnRhJTIwZGUlMjB2aW5vcyUzQyUyRmElM0UlM0MlMkZsaSUzRSUwQSUwQSUzQ2xpJTIwY2xhc3MlM0QlMjJtZW51LWl0ZW0lMjBtZW51LWl0ZW0tdHlwZS1wb3N0X3R5cGUlMjBtZW51LWl0ZW0tb2JqZWN0LXBhZ2UlMjBtZW51LWl0ZW0tMzc0NiUyMiUzRSUzQ2ElMjBocmVmJTNEJTIyJTJGZXN0YW5jaWFzJTIyJTNFRXN0YW5jaWFzJTNDJTJGYSUzRSUzQyUyRmxpJTNFJTBBJTBBJTBBJTNDJTJGdWwlM0UlM0MlMkZkaXYlM0UlM0MlMkZkaXYlM0UlMEE=[\/vc_raw_html][\/vc_column][\/vc_row][vc_row css=\u00bb.vc_custom_1484393167295{margin-bottom: 0px !important;background-color: #ffffff !important;}\u00bb][vc_column reveal_effect=\u00bbfadeIn\u00bb width=\u00bb1\/2&#8243; reveal_duration=\u00bb1&#8243; css=\u00bb.vc_custom_1427234139084{margin-right: 0px !important;padding-right: 0px !important;}\u00bb][vc_single_image image=\u00bb3948&#8243; img_size=\u00bb585&#215;390&#8243; css=\u00bb.vc_custom_1484729113739{margin-bottom: 0px !important;}\u00bb][\/vc_column][vc_column reveal_effect=\u00bbfadeIn\u00bb width=\u00bb1\/2&#8243; reveal_duration=\u00bb1&#8243;][lab_service_box css=\u00bb.vc_custom_1482345032908{padding-top: 65px !important;padding-right: 45px !important;padding-bottom: 45px !important;padding-left: 45px !important;}\u00bb][lab_service_box_content title=\u00bbEl vino que invita es aqu\u00ed\u00bb description=\u00bb\u00bfSue\u00f1a con una cena entre amigos sin los imperativos de un restaurante? Creamos su cena ideal a partir de su vino favorito. Privatizamos nuestro comedor y nuestra mesa de hu\u00e9spedes para usted y le dejamos disfrutar de los vinos y alimentos preparados para usted.\u00bb][\/lab_service_box][\/vc_column][\/vc_row][vc_row css=\u00bb.vc_custom_1484391798772{margin-bottom: 0px !important;background-color: #ffffff !important;}\u00bb][vc_column reveal_effect=\u00bbfadeIn\u00bb width=\u00bb1\/2&#8243; reveal_duration=\u00bb1&#8243;][lab_service_box css=\u00bb.vc_custom_1484391749287{padding-top: 65px !important;padding-right: 45px !important;padding-bottom: 45px !important;padding-left: 45px !important;background-color: #ffffff !important;}\u00bb][lab_service_box_content title=\u00bbEl servicio ideal\u00bb description=\u00bb\u00a1Lo imaginamos en su lugar!<br \/>\n\u00bfOrganiza una boda y desea una selecci\u00f3n de vinos en consonancia con los gustos de los reci\u00e9n casados?<br \/>\nConf\u00eden en nosotros.<br \/>\n\u00bfAlquila una casa para las vacaciones y quiere que le mimen?<br \/>\nPodemos ser Sumiller a domicilio y proponerle los vinos que se adaptan mejor a sus necesidades y gustos.<\/p>\n<p>\u00ab][\/lab_service_box][\/vc_column][vc_column reveal_effect=\u00bbfadeIn\u00bb width=\u00bb1\/2&#8243; css=\u00bb.vc_custom_1484392928281{margin-left: 0px !important;padding-right: 0px !important;padding-left: 0px !important;}\u00bb reveal_duration=\u00bb1&#8243;][vc_single_image image=\u00bb3949&#8243; img_size=\u00bb585&#215;390&#8243; css=\u00bb.vc_custom_1484729147790{margin-bottom: 0px !important;}\u00bb][\/vc_column][\/vc_row][vc_row css=\u00bb.vc_custom_1484393175884{margin-bottom: 0px !important;background-color: #ffffff !important;}\u00bb][vc_column reveal_effect=\u00bbfadeIn\u00bb width=\u00bb1\/2&#8243; reveal_duration=\u00bb1&#8243; css=\u00bb.vc_custom_1427234139084{margin-right: 0px !important;padding-right: 0px !important;}\u00bb][vc_single_image image=\u00bb3950&#8243; img_size=\u00bb585&#215;390&#8243; css=\u00bb.vc_custom_1484729184591{margin-bottom: 0px !important;}\u00bb][\/vc_column][vc_column reveal_effect=\u00bbfadeIn\u00bb width=\u00bb1\/2&#8243; reveal_duration=\u00bb1&#8243;][lab_service_box css=\u00bb.vc_custom_1484391689310{padding-top: 65px !important;padding-right: 45px !important;padding-bottom: 45px !important;padding-left: 45px !important;}\u00bb][lab_service_box_content title=\u00bbImaginar\u00bb description=\u00bb\u00bfOtros sue\u00f1os? No dude en intercambiar sus ideas y nuestro equipo se adaptar\u00e1 a sus deseos para lograr su cata, su cena o m\u00e1s incluso.\u00bb][\/lab_service_box][\/vc_column][\/vc_row]<\/p>\n","protected":false},"excerpt":{"rendered":"<p>[vc_row][vc_column reveal_effect=\u00bbfadeIn\u00bb reveal_duration=\u00bb0.7&#8243;][vc_raw_html]JTNDZGl2JTIwY2xhc3MlM0QlMjJndGxpbmUlMjIlM0UlMEElM0NoMSUzRUElMjBtZWRpZGElM0MlMkZoMSUzRSUwQSUzQ2RpdiUyMGNsYXNzJTNEJTIybWVudS1mb290ZXItY29udGFpbmVyJTIyJTNFJTNDdWwlMjBpZCUzRCUyMm1lbnUtZm9vdGVyLTElMjIlMjBjbGFzcyUzRCUyMm1lbnUlMjIlM0UlMEElMEElM0NsaSUyMGNsYXNzJTNEJTIybWVudS1pdGVtJTIwbWVudS1pdGVtLXR5cGUtcG9zdF90eXBlJTIwbWVudS1pdGVtLW9iamVjdC1wYWdlJTIwbWVudS1pdGVtLTM3NDUlMjIlM0UlM0NhJTIwaHJlZiUzRCUyMiUyRmF1ZGl0b3JpYS1kZS1ib2RlZ2ElMjIlM0VBdWRpdG9yaWElMjBkZSUyMGJvZGVnYSUzQyUyRmElM0UlM0MlMkZsaSUzRSUwQSUwQSUzQ2xpJTIwY2xhc3MlM0QlMjJtZW51LWl0ZW0lMjBtZW51LWl0ZW0tdHlwZS1wb3N0X3R5cGUlMjBtZW51LWl0ZW0tb2JqZWN0LXBhZ2UlMjBtZW51LWl0ZW0tMzc0NSUyMiUzRSUzQ2ElMjBocmVmJTNEJTIyJTJGY2FqYS1yZWdhbG9zJTIyJTNFQ2FqYSUyMHJlZ2Fsb3MlM0MlMkZhJTNFJTNDJTJGbGklM0UlMEElMEElM0NsaSUyMGNsYXNzJTNEJTIybWVudS1pdGVtJTIwbWVudS1pdGVtLXR5cGUtcG9zdF90eXBlJTIwbWVudS1pdGVtLW9iamVjdC1wYWdlJTIwbWVudS1pdGVtLTM3NDQlMjIlM0UlM0NhJTIwaHJlZiUzRCUyMiUyRnRhbGxlcmVzJTIyJTNFVGFsbGVyZXMlM0MlMkZhJTNFJTNDJTJGbGklM0UlMEElMEElM0NsaSUyMGNsYXNzJTNEJTIybWVudS1pdGVtJTIwbWVudS1pdGVtLXR5cGUtcG9zdF90eXBlJTIwbWVudS1pdGVtLW9iamVjdC1wYWdlJTIwbWVudS1pdGVtLTM3NDMlMjIlM0UlM0NhJTIwaHJlZiUzRCUyMiUyRmNhcnRhLWRlLXZpbm9zcyUyMiUzRUNhcnRhJTIwZGUlMjB2aW5vcyUzQyUyRmElM0UlM0MlMkZsaSUzRSUwQSUwQSUzQ2xpJTIwY2xhc3MlM0QlMjJtZW51LWl0ZW0lMjBtZW51LWl0ZW0tdHlwZS1wb3N0X3R5cGUlMjBtZW51LWl0ZW0tb2JqZWN0LXBhZ2UlMjBtZW51LWl0ZW0tMzc0NiUyMiUzRSUzQ2ElMjBocmVmJTNEJTIyJTJGZXN0YW5jaWFzJTIyJTNFRXN0YW5jaWFzJTNDJTJGYSUzRSUzQyUyRmxpJTNFJTBBJTBBJTBBJTNDJTJGdWwlM0UlM0MlMkZkaXYlM0UlM0MlMkZkaXYlM0UlMEE=[\/vc_raw_html][\/vc_column][\/vc_row][vc_row css=\u00bb.vc_custom_1484393167295{margin-bottom: 0px !important;background-color: #ffffff !important;}\u00bb][vc_column reveal_effect=\u00bbfadeIn\u00bb width=\u00bb1\/2&#8243; reveal_duration=\u00bb1&#8243; css=\u00bb.vc_custom_1427234139084{margin-right: 0px !important;padding-right: 0px !important;}\u00bb][vc_single_image image=\u00bb3948&#8243; img_size=\u00bb585&#215;390&#8243; css=\u00bb.vc_custom_1484729113739{margin-bottom: 0px !important;}\u00bb][\/vc_column][vc_column reveal_effect=\u00bbfadeIn\u00bb width=\u00bb1\/2&#8243; reveal_duration=\u00bb1&#8243;][lab_service_box css=\u00bb.vc_custom_1482345032908{padding-top: 65px !important;padding-right: 45px !important;padding-bottom: 45px !important;padding-left: 45px !important;}\u00bb][lab_service_box_content title=\u00bbEl vino que invita es aqu\u00ed\u00bb description=\u00bb\u00bfSue\u00f1a con una cena entre amigos sin los imperativos de un restaurante? Creamos su cena ideal&hellip;<\/p>\n","protected":false},"author":1,"featured_media":0,"parent":0,"menu_order":9,"comment_status":"closed","ping_status":"closed","template":"","meta":{"footnotes":""},"_links":{"self":[{"href":"https:\/\/ediswine.com\/es\/wp-json\/wp\/v2\/pages\/4514"}],"collection":[{"href":"https:\/\/ediswine.com\/es\/wp-json\/wp\/v2\/pages"}],"about":[{"href":"https:\/\/ediswine.com\/es\/wp-json\/wp\/v2\/types\/page"}],"author":[{"embeddable":true,"href":"https:\/\/ediswine.com\/es\/wp-json\/wp\/v2\/users\/1"}],"replies":[{"embeddable":true,"href":"https:\/\/ediswine.com\/es\/wp-json\/wp\/v2\/comments?post=4514"}],"version-history":[{"count":3,"href":"https:\/\/ediswine.com\/es\/wp-json\/wp\/v2\/pages\/4514\/revisions"}],"predecessor-version":[{"id":4615,"href":"https:\/\/ediswine.com\/es\/wp-json\/wp\/v2\/pages\/4514\/revisions\/4615"}],"wp:attachment":[{"href":"https:\/\/ediswine.com\/es\/wp-json\/wp\/v2\/media?parent=4514"}],"curies":[{"name":"wp","href":"https:\/\/api.w.org\/{rel}","templated":true}]}}