{"id":4513,"date":"2017-01-14T12:42:07","date_gmt":"2017-01-14T11:42:07","guid":{"rendered":"https:\/\/ediswine.com\/es\/ateliers-degustation\/"},"modified":"2018-11-07T10:28:29","modified_gmt":"2018-11-07T09:28:29","slug":"talleres","status":"publish","type":"page","link":"https:\/\/ediswine.com\/es\/talleres\/","title":{"rendered":"Talleres"},"content":{"rendered":"<p>[vc_row][vc_column reveal_effect=\u00bbfadeIn\u00bb reveal_duration=\u00bb0.7&#8243;][vc_raw_html]JTNDZGl2JTIwY2xhc3MlM0QlMjJndGxpbmUlMjIlM0UlMEElMEElM0NoMSUzRUF0ZWxpZXJzJTNDJTJGaDElM0UlMEElM0NkaXYlMjBjbGFzcyUzRCUyMm1lbnUtZm9vdGVyLWNvbnRhaW5lciUyMiUzRSUzQ3VsJTIwaWQlM0QlMjJtZW51LWZvb3Rlci0xJTIyJTIwY2xhc3MlM0QlMjJtZW51JTIyJTNFJTBBJTBBJTNDbGklMjBjbGFzcyUzRCUyMm1lbnUtaXRlbSUyMG1lbnUtaXRlbS10eXBlLXBvc3RfdHlwZSUyMG1lbnUtaXRlbS1vYmplY3QtcGFnZSUyMG1lbnUtaXRlbS0zNzQ1JTIyJTNFJTNDYSUyMGhyZWYlM0QlMjIlMkZhdWRpdG9yaWEtZGUtYm9kZWdhJTIyJTNFQXVkaXRvcmlhJTIwZGUlMjBib2RlZ2ElM0MlMkZhJTNFJTNDJTJGbGklM0UlMEElMEElM0NsaSUyMGNsYXNzJTNEJTIybWVudS1pdGVtJTIwbWVudS1pdGVtLXR5cGUtcG9zdF90eXBlJTIwbWVudS1pdGVtLW9iamVjdC1wYWdlJTIwbWVudS1pdGVtLTM3NDUlMjIlM0UlM0NhJTIwaHJlZiUzRCUyMiUyRmNhamEtcmVnYWxvcyUyMiUzRUNhamElMjByZWdhbG9zJTNDJTJGYSUzRSUzQyUyRmxpJTNFJTBBJTBBJTNDbGklMjBjbGFzcyUzRCUyMm1lbnUtaXRlbSUyMG1lbnUtaXRlbS10eXBlLXBvc3RfdHlwZSUyMG1lbnUtaXRlbS1vYmplY3QtcGFnZSUyMG1lbnUtaXRlbS0zNzQzJTIyJTNFJTNDYSUyMGhyZWYlM0QlMjIlMkZjYXJ0YS1kZS12aW5vcyUyMiUzRUNhcnRhJTIwZGUlMjB2aW5vcyUzQyUyRmElM0UlM0MlMkZsaSUzRSUwQSUwQSUzQ2xpJTIwY2xhc3MlM0QlMjJtZW51LWl0ZW0lMjBtZW51LWl0ZW0tdHlwZS1wb3N0X3R5cGUlMjBtZW51LWl0ZW0tb2JqZWN0LXBhZ2UlMjBtZW51LWl0ZW0tMzc0NiUyMiUzRSUzQ2ElMjBocmVmJTNEJTIyJTJGZXN0YW5jaWFzJTIyJTNFRXN0YW5jaWFzJTNDJTJGYSUzRSUzQyUyRmxpJTNFJTBBJTBBJTNDbGklMjBjbGFzcyUzRCUyMm1lbnUtaXRlbSUyMG1lbnUtaXRlbS10eXBlLXBvc3RfdHlwZSUyMG1lbnUtaXRlbS1vYmplY3QtcGFnZSUyMG1lbnUtaXRlbS0zNzQyJTIyJTNFJTNDYSUyMGhyZWYlM0QlMjIlMkZhLW1lZGlkYSUyMiUzRUElMjBtZWRpZGElM0MlMkZhJTNFJTNDJTJGbGklM0UlMEElMEElM0MlMkZ1bCUzRSUzQyUyRmRpdiUzRSUzQyUyRmRpdiUzRQ==[\/vc_raw_html][\/vc_column][\/vc_row][vc_row css=\u00bb.vc_custom_1484393167295{margin-bottom: 0px !important;background-color: #ffffff !important;}\u00bb][vc_column reveal_effect=\u00bbfadeIn\u00bb width=\u00bb1\/2&#8243; reveal_duration=\u00bb1&#8243; css=\u00bb.vc_custom_1427234139084{margin-right: 0px !important;padding-right: 0px !important;}\u00bb][vc_single_image image=\u00bb3938&#8243; img_size=\u00bb585&#215;390&#8243; css=\u00bb.vc_custom_1484728053556{margin-bottom: 0px !important;}\u00bb][\/vc_column][vc_column reveal_effect=\u00bbfadeIn\u00bb width=\u00bb1\/2&#8243; reveal_duration=\u00bb1&#8243;][lab_service_box css=\u00bb.vc_custom_1482345032908{padding-top: 65px !important;padding-right: 45px !important;padding-bottom: 45px !important;padding-left: 45px !important;}\u00bb][lab_service_box_content title=\u00bbCata de vinos\u00bb description=\u00bbNe\u00f3fito o conocedor apasionado, Samuel se adapta a su nivel de exigencia para organizar sesiones de iniciaci\u00f3n. Ya sea porque desea descubrir en profundidad un terroir (combinaci\u00f3n \u00fanica de factores naturales) o entender la mineralidad de un vino, o incluso aprender las bases de la cata\u2026todos los pretextos son buenos para reunirnos.\u00bb][\/lab_service_box][\/vc_column][\/vc_row][vc_row css=\u00bb.vc_custom_1484391798772{margin-bottom: 0px !important;background-color: #ffffff !important;}\u00bb][vc_column reveal_effect=\u00bbfadeIn\u00bb width=\u00bb1\/2&#8243; reveal_duration=\u00bb1&#8243;][lab_service_box css=\u00bb.vc_custom_1484391749287{padding-top: 65px !important;padding-right: 45px !important;padding-bottom: 45px !important;padding-left: 45px !important;background-color: #ffffff !important;}\u00bb][lab_service_box_content title=\u00bbClases\u00bb description=\u00bbLos jueves por la tarde, le esperamos en el showroom de Gu\u00e9thary para 2 horas de iniciaci\u00f3n tem\u00e1tica. Descubra el programa de las pr\u00f3ximas clases en nuestra p\u00e1gina Facebook, inscripci\u00f3n por email contact@ediswine.com o por tel\u00e9fono al +33 9 82271038.<br \/>\n\u00a1Ojo! Un m\u00e1ximo de 18 personas por clase. Samuel pondr\u00e1 el vino a su alcance para una formaci\u00f3n perfectamente adaptada a su nivel.\u00bb][\/lab_service_box][\/vc_column][vc_column reveal_effect=\u00bbfadeIn\u00bb width=\u00bb1\/2&#8243; css=\u00bb.vc_custom_1484392928281{margin-left: 0px !important;padding-right: 0px !important;padding-left: 0px !important;}\u00bb reveal_duration=\u00bb1&#8243;][vc_single_image image=\u00bb3939&#8243; img_size=\u00bb585&#215;390&#8243; css=\u00bb.vc_custom_1484728090499{margin-bottom: 0px !important;}\u00bb][\/vc_column][\/vc_row][vc_row css=\u00bb.vc_custom_1484393175884{margin-bottom: 0px !important;background-color: #ffffff !important;}\u00bb][vc_column reveal_effect=\u00bbfadeIn\u00bb width=\u00bb1\/2&#8243; reveal_duration=\u00bb1&#8243; css=\u00bb.vc_custom_1427234139084{margin-right: 0px !important;padding-right: 0px !important;}\u00bb][vc_single_image image=\u00bb3940&#8243; img_size=\u00bb585&#215;390&#8243; css=\u00bb.vc_custom_1484728135629{margin-bottom: 0px !important;}\u00bb][\/vc_column][vc_column reveal_effect=\u00bbfadeIn\u00bb width=\u00bb1\/2&#8243; reveal_duration=\u00bb1&#8243;][lab_service_box css=\u00bb.vc_custom_1484391689310{padding-top: 65px !important;padding-right: 45px !important;padding-bottom: 45px !important;padding-left: 45px !important;}\u00bb][lab_service_box_content title=\u00bbPrivatizaci\u00f3n\u00bb description=\u00bbSi desean privatizar una clase para venir entre amigos o en familia, gracias por contactarnos con suficiente adelanto. Recibir\u00e1n un libro de bordo a su primera clase, gu\u00eda verdadero de ayuda que os acompa\u00f1ara durante su cursus de aprendizage.\u00bb][\/lab_service_box][\/vc_column][\/vc_row][vc_row el_class=\u00bbcours\u00bb css=\u00bb.vc_custom_1484415478954{margin-top: 35px !important;}\u00bb][vc_column][vc_column_text css=\u00bb.vc_custom_1541445017080{padding-top: 15px !important;padding-right: 15px !important;padding-bottom: 15px !important;padding-left: 15px !important;}\u00bb]<strong>Algunos ejemplos de clases impartidas con nuestro experto :<\/strong><\/p>\n<p><i class=\"fa fa-check\"><\/i> <strong>Iniciaci\u00f3n a los vinos en 10 lecciones:<\/strong> recibir\u00e1 20 horas de clases para consolidar sus conocimientos de vino, su vocabulario, la identificaci\u00f3n de sus emociones catando 5 vinos diferentes por clase. Precio: 800 \u20ac por persona.<\/p>\n<p><i class=\"fa fa-check\"><\/i> <strong>Iniciaci\u00f3n al vino<\/strong>\u00a0: 2 horas de iniciaci\u00f3n. 5 vinos, probados y comentados y todo el asesoramiento para expresar mejor las sensaciones del vino&#8230; Precio 90 \u20ac por persona.<\/p>\n<p><i class=\"fa fa-check\"><\/i> <strong>Optimizar su bodega<\/strong>\u00a0: Samuel le ayudar\u00e1 a mejorar la compra de sus vinos, le dar\u00e1 las mejores direcciones y le orientar\u00e1 sobre la gesti\u00f3n optimizada de su bodega. 40 \u20ac por persona para 2 horas.<\/p>\n<p><i class=\"fa fa-check\"><\/i> <strong>Combinar alimentos y vinos<\/strong>\u00a0: Samuel le explicar\u00e1 c\u00f3mo combinarlos y lo que deben evitar, c\u00f3mo sorprender sus invitados combinando vinos y alimentos. Precio: 40 \u20ac por persona para 2 horas.<\/p>\n<p><i class=\"fa fa-check\"><\/i><strong>Las tem\u00e1ticas por regiones<\/strong>\u00a0: esta iniciaci\u00f3n le presentar\u00e1 las caracter\u00edsticas fundamentales de los terroirs, del tipo de uvas, las denominaciones, las bodegas y los viticultores. Precio: 40 \u20ac por persona para 2 horas.[\/vc_column_text][\/vc_column][\/vc_row]<\/p>\n","protected":false},"excerpt":{"rendered":"<p>[vc_row][vc_column reveal_effect=\u00bbfadeIn\u00bb reveal_duration=\u00bb0.7&#8243;][vc_raw_html]JTNDZGl2JTIwY2xhc3MlM0QlMjJndGxpbmUlMjIlM0UlMEElMEElM0NoMSUzRUF0ZWxpZXJzJTNDJTJGaDElM0UlMEElM0NkaXYlMjBjbGFzcyUzRCUyMm1lbnUtZm9vdGVyLWNvbnRhaW5lciUyMiUzRSUzQ3VsJTIwaWQlM0QlMjJtZW51LWZvb3Rlci0xJTIyJTIwY2xhc3MlM0QlMjJtZW51JTIyJTNFJTBBJTBBJTNDbGklMjBjbGFzcyUzRCUyMm1lbnUtaXRlbSUyMG1lbnUtaXRlbS10eXBlLXBvc3RfdHlwZSUyMG1lbnUtaXRlbS1vYmplY3QtcGFnZSUyMG1lbnUtaXRlbS0zNzQ1JTIyJTNFJTNDYSUyMGhyZWYlM0QlMjIlMkZhdWRpdG9yaWEtZGUtYm9kZWdhJTIyJTNFQXVkaXRvcmlhJTIwZGUlMjBib2RlZ2ElM0MlMkZhJTNFJTNDJTJGbGklM0UlMEElMEElM0NsaSUyMGNsYXNzJTNEJTIybWVudS1pdGVtJTIwbWVudS1pdGVtLXR5cGUtcG9zdF90eXBlJTIwbWVudS1pdGVtLW9iamVjdC1wYWdlJTIwbWVudS1pdGVtLTM3NDUlMjIlM0UlM0NhJTIwaHJlZiUzRCUyMiUyRmNhamEtcmVnYWxvcyUyMiUzRUNhamElMjByZWdhbG9zJTNDJTJGYSUzRSUzQyUyRmxpJTNFJTBBJTBBJTNDbGklMjBjbGFzcyUzRCUyMm1lbnUtaXRlbSUyMG1lbnUtaXRlbS10eXBlLXBvc3RfdHlwZSUyMG1lbnUtaXRlbS1vYmplY3QtcGFnZSUyMG1lbnUtaXRlbS0zNzQzJTIyJTNFJTNDYSUyMGhyZWYlM0QlMjIlMkZjYXJ0YS1kZS12aW5vcyUyMiUzRUNhcnRhJTIwZGUlMjB2aW5vcyUzQyUyRmElM0UlM0MlMkZsaSUzRSUwQSUwQSUzQ2xpJTIwY2xhc3MlM0QlMjJtZW51LWl0ZW0lMjBtZW51LWl0ZW0tdHlwZS1wb3N0X3R5cGUlMjBtZW51LWl0ZW0tb2JqZWN0LXBhZ2UlMjBtZW51LWl0ZW0tMzc0NiUyMiUzRSUzQ2ElMjBocmVmJTNEJTIyJTJGZXN0YW5jaWFzJTIyJTNFRXN0YW5jaWFzJTNDJTJGYSUzRSUzQyUyRmxpJTNFJTBBJTBBJTNDbGklMjBjbGFzcyUzRCUyMm1lbnUtaXRlbSUyMG1lbnUtaXRlbS10eXBlLXBvc3RfdHlwZSUyMG1lbnUtaXRlbS1vYmplY3QtcGFnZSUyMG1lbnUtaXRlbS0zNzQyJTIyJTNFJTNDYSUyMGhyZWYlM0QlMjIlMkZhLW1lZGlkYSUyMiUzRUElMjBtZWRpZGElM0MlMkZhJTNFJTNDJTJGbGklM0UlMEElMEElM0MlMkZ1bCUzRSUzQyUyRmRpdiUzRSUzQyUyRmRpdiUzRQ==[\/vc_raw_html][\/vc_column][\/vc_row][vc_row css=\u00bb.vc_custom_1484393167295{margin-bottom: 0px !important;background-color: #ffffff !important;}\u00bb][vc_column reveal_effect=\u00bbfadeIn\u00bb width=\u00bb1\/2&#8243; reveal_duration=\u00bb1&#8243; css=\u00bb.vc_custom_1427234139084{margin-right: 0px !important;padding-right: 0px !important;}\u00bb][vc_single_image image=\u00bb3938&#8243; img_size=\u00bb585&#215;390&#8243; css=\u00bb.vc_custom_1484728053556{margin-bottom: 0px !important;}\u00bb][\/vc_column][vc_column reveal_effect=\u00bbfadeIn\u00bb width=\u00bb1\/2&#8243; reveal_duration=\u00bb1&#8243;][lab_service_box css=\u00bb.vc_custom_1482345032908{padding-top: 65px !important;padding-right: 45px !important;padding-bottom: 45px !important;padding-left: 45px !important;}\u00bb][lab_service_box_content title=\u00bbCata de vinos\u00bb description=\u00bbNe\u00f3fito o conocedor apasionado, Samuel se adapta a su nivel de exigencia para organizar sesiones de iniciaci\u00f3n. Ya sea&hellip;<\/p>\n","protected":false},"author":1,"featured_media":0,"parent":0,"menu_order":6,"comment_status":"closed","ping_status":"closed","template":"","meta":{"footnotes":""},"_links":{"self":[{"href":"https:\/\/ediswine.com\/es\/wp-json\/wp\/v2\/pages\/4513"}],"collection":[{"href":"https:\/\/ediswine.com\/es\/wp-json\/wp\/v2\/pages"}],"about":[{"href":"https:\/\/ediswine.com\/es\/wp-json\/wp\/v2\/types\/page"}],"author":[{"embeddable":true,"href":"https:\/\/ediswine.com\/es\/wp-json\/wp\/v2\/users\/1"}],"replies":[{"embeddable":true,"href":"https:\/\/ediswine.com\/es\/wp-json\/wp\/v2\/comments?post=4513"}],"version-history":[{"count":5,"href":"https:\/\/ediswine.com\/es\/wp-json\/wp\/v2\/pages\/4513\/revisions"}],"predecessor-version":[{"id":4551,"href":"https:\/\/ediswine.com\/es\/wp-json\/wp\/v2\/pages\/4513\/revisions\/4551"}],"wp:attachment":[{"href":"https:\/\/ediswine.com\/es\/wp-json\/wp\/v2\/media?parent=4513"}],"curies":[{"name":"wp","href":"https:\/\/api.w.org\/{rel}","templated":true}]}}