{"id":4512,"date":"2017-01-14T12:42:15","date_gmt":"2017-01-14T11:42:15","guid":{"rendered":"https:\/\/ediswine.com\/es\/carte-de-vins\/"},"modified":"2018-11-06T07:56:53","modified_gmt":"2018-11-06T06:56:53","slug":"carta-de-vinos","status":"publish","type":"page","link":"https:\/\/ediswine.com\/es\/carta-de-vinos\/","title":{"rendered":"Carta de Vinos"},"content":{"rendered":"<p>[vc_row][vc_column reveal_effect=\u00bbfadeIn\u00bb reveal_duration=\u00bb0.7&#8243;][vc_raw_html]JTNDZGl2JTIwY2xhc3MlM0QlMjJndGxpbmUlMjIlM0UlMEElMEElM0NoMSUzRUNhcnRhJTIwZGUlMjBWaW5vcyUzQyUyRmgxJTNFJTBBJTNDZGl2JTIwY2xhc3MlM0QlMjJtZW51LWZvb3Rlci1jb250YWluZXIlMjIlM0UlM0N1bCUyMGlkJTNEJTIybWVudS1mb290ZXItMSUyMiUyMGNsYXNzJTNEJTIybWVudSUyMiUzRSUwQSUwQSUzQ2xpJTIwY2xhc3MlM0QlMjJtZW51LWl0ZW0lMjBtZW51LWl0ZW0tdHlwZS1wb3N0X3R5cGUlMjBtZW51LWl0ZW0tb2JqZWN0LXBhZ2UlMjBtZW51LWl0ZW0tMzc0NSUyMiUzRSUzQ2ElMjBocmVmJTNEJTIyJTJGYXVkaXRvcmlhLWRlLWJvZGVnYSUyMiUzRUF1ZGl0b3JpYSUyMGRlJTIwYm9kZWdhJTNDJTJGYSUzRSUzQyUyRmxpJTNFJTBBJTBBJTNDbGklMjBjbGFzcyUzRCUyMm1lbnUtaXRlbSUyMG1lbnUtaXRlbS10eXBlLXBvc3RfdHlwZSUyMG1lbnUtaXRlbS1vYmplY3QtcGFnZSUyMG1lbnUtaXRlbS0zNzQ1JTIyJTNFJTNDYSUyMGhyZWYlM0QlMjIlMkZjYWphLXJlZ2Fsb3MlMjIlM0VDYWphJTIwcmVnYWxvcyUzQyUyRmElM0UlM0MlMkZsaSUzRSUwQSUwQSUzQ2xpJTIwY2xhc3MlM0QlMjJtZW51LWl0ZW0lMjBtZW51LWl0ZW0tdHlwZS1wb3N0X3R5cGUlMjBtZW51LWl0ZW0tb2JqZWN0LXBhZ2UlMjBtZW51LWl0ZW0tMzc0NCUyMiUzRSUzQ2ElMjBocmVmJTNEJTIyJTJGdGFsbGVyZXMlMjIlM0VUYWxsZXJlcyUzQyUyRmElM0UlM0MlMkZsaSUzRSUwQSUwQSUzQ2xpJTIwY2xhc3MlM0QlMjJtZW51LWl0ZW0lMjBtZW51LWl0ZW0tdHlwZS1wb3N0X3R5cGUlMjBtZW51LWl0ZW0tb2JqZWN0LXBhZ2UlMjBtZW51LWl0ZW0tMzc0NiUyMiUzRSUzQ2ElMjBocmVmJTNEJTIyJTJGZXN0YW5jaWFzJTIyJTNFRXN0YW5jaWFzJTNDJTJGYSUzRSUzQyUyRmxpJTNFJTBBJTBBJTNDbGklMjBjbGFzcyUzRCUyMm1lbnUtaXRlbSUyMG1lbnUtaXRlbS10eXBlLXBvc3RfdHlwZSUyMG1lbnUtaXRlbS1vYmplY3QtcGFnZSUyMG1lbnUtaXRlbS0zNzQyJTIyJTNFJTNDYSUyMGhyZWYlM0QlMjIlMkZhLW1lZGlkYSUyMiUzRUElMjBtZWRpZGElM0MlMkZhJTNFJTNDJTJGbGklM0UlMEElMEElM0MlMkZ1bCUzRSUzQyUyRmRpdiUzRSUzQyUyRmRpdiUzRQ==[\/vc_raw_html][\/vc_column][\/vc_row][vc_row css=\u00bb.vc_custom_1484393167295{margin-bottom: 0px !important;background-color: #ffffff !important;}\u00bb][vc_column reveal_effect=\u00bbfadeIn\u00bb width=\u00bb1\/2&#8243; reveal_duration=\u00bb1&#8243; css=\u00bb.vc_custom_1427234139084{margin-right: 0px !important;padding-right: 0px !important;}\u00bb][vc_single_image image=\u00bb3925&#8243; img_size=\u00bb585&#215;390&#8243; css=\u00bb.vc_custom_1484727527100{margin-bottom: 0px !important;}\u00bb][\/vc_column][vc_column reveal_effect=\u00bbfadeIn\u00bb width=\u00bb1\/2&#8243; reveal_duration=\u00bb1&#8243;][lab_service_box css=\u00bb.vc_custom_1482345032908{padding-top: 65px !important;padding-right: 45px !important;padding-bottom: 45px !important;padding-left: 45px !important;}\u00bb][lab_service_box_content title=\u00bbRestaurante\u00bb description=\u00bbElaborar una carta de vinos bastante ecl\u00e9tica y coherente en su restaurante. Un servicio destinado en primer lugar a profesionales, Samuel puede crear la carta de vinos adaptada a su establecimiento, a su estilo de cocina y los gustos de sus clientes. Ediswine se har\u00e1 cargo del suministro e incluso del seguimiento de su carta de vino.\u00bb][\/lab_service_box][\/vc_column][\/vc_row][vc_row css=\u00bb.vc_custom_1484391798772{margin-bottom: 0px !important;background-color: #ffffff !important;}\u00bb][vc_column reveal_effect=\u00bbfadeIn\u00bb width=\u00bb1\/2&#8243; reveal_duration=\u00bb1&#8243;][lab_service_box css=\u00bb.vc_custom_1484391749287{padding-top: 65px !important;padding-right: 45px !important;padding-bottom: 45px !important;padding-left: 45px !important;background-color: #ffffff !important;}\u00bb][lab_service_box_content title=\u00bbUna referencia\u00bb description=\u00bbLa experiencia premiada en este \u00e1mbito permite a Samuel colaborar con prestigiosos establecimientos, tales como \u2018La maison des bois\u2019 el nuevo restaurante del Chef Marc Veyrat. Entre otros restaurante con estrellas Michelin, Ediswine asesora en total confianza y complicidad, L&#8217;Impertinent en Biarritz, le Ka\u00efku en San Juan de Luz y le Principe noir en Lormont.\u00bb][\/lab_service_box][\/vc_column][vc_column reveal_effect=\u00bbfadeIn\u00bb width=\u00bb1\/2&#8243; css=\u00bb.vc_custom_1484392928281{margin-left: 0px !important;padding-right: 0px !important;padding-left: 0px !important;}\u00bb reveal_duration=\u00bb1&#8243;][vc_single_image image=\u00bb3926&#8243; img_size=\u00bb585&#215;390&#8243; css=\u00bb.vc_custom_1484727580683{margin-bottom: 0px !important;}\u00bb][\/vc_column][\/vc_row][vc_row css=\u00bb.vc_custom_1484393175884{margin-bottom: 0px !important;background-color: #ffffff !important;}\u00bb][vc_column reveal_effect=\u00bbfadeIn\u00bb width=\u00bb1\/2&#8243; reveal_duration=\u00bb1&#8243; css=\u00bb.vc_custom_1427234139084{margin-right: 0px !important;padding-right: 0px !important;}\u00bb][vc_single_image image=\u00bb3927&#8243; img_size=\u00bb585&#215;390&#8243; css=\u00bb.vc_custom_1484727593752{margin-bottom: 0px !important;}\u00bb][\/vc_column][vc_column reveal_effect=\u00bbfadeIn\u00bb width=\u00bb1\/2&#8243; reveal_duration=\u00bb1&#8243;][lab_service_box css=\u00bb.vc_custom_1484391689310{padding-top: 65px !important;padding-right: 45px !important;padding-bottom: 45px !important;padding-left: 45px !important;}\u00bb][lab_service_box_content title=\u00bb\u00bfC\u00f3mo procedemos?\u00bb description=\u00bbCada carta de vinos es \u00fanica, empezamos pues por visitarle y descubrir su cocina, sus platos estrellas, sus productos favoritos e impregnarnos del ambiente de su lugar y el estilo de sus clientes.<br \/>\nA continuaci\u00f3n Samuel le propondr\u00e1 una carta completa y adaptada a su cocina y a su presupuesto. Podr\u00e1 acceder bodegas en peque\u00f1as cantidades (un m\u00ednimo de tres botellas por denominaci\u00f3n). Este procedimiento es r\u00e1pido porque podr\u00e1 disfrutar de su carta de vinos a medida en un plazo aproximado de 3 semanas.\u00bb][\/lab_service_box][\/vc_column][\/vc_row]<\/p>\n","protected":false},"excerpt":{"rendered":"<p>[vc_row][vc_column reveal_effect=\u00bbfadeIn\u00bb reveal_duration=\u00bb0.7&#8243;][vc_raw_html]JTNDZGl2JTIwY2xhc3MlM0QlMjJndGxpbmUlMjIlM0UlMEElMEElM0NoMSUzRUNhcnRhJTIwZGUlMjBWaW5vcyUzQyUyRmgxJTNFJTBBJTNDZGl2JTIwY2xhc3MlM0QlMjJtZW51LWZvb3Rlci1jb250YWluZXIlMjIlM0UlM0N1bCUyMGlkJTNEJTIybWVudS1mb290ZXItMSUyMiUyMGNsYXNzJTNEJTIybWVudSUyMiUzRSUwQSUwQSUzQ2xpJTIwY2xhc3MlM0QlMjJtZW51LWl0ZW0lMjBtZW51LWl0ZW0tdHlwZS1wb3N0X3R5cGUlMjBtZW51LWl0ZW0tb2JqZWN0LXBhZ2UlMjBtZW51LWl0ZW0tMzc0NSUyMiUzRSUzQ2ElMjBocmVmJTNEJTIyJTJGYXVkaXRvcmlhLWRlLWJvZGVnYSUyMiUzRUF1ZGl0b3JpYSUyMGRlJTIwYm9kZWdhJTNDJTJGYSUzRSUzQyUyRmxpJTNFJTBBJTBBJTNDbGklMjBjbGFzcyUzRCUyMm1lbnUtaXRlbSUyMG1lbnUtaXRlbS10eXBlLXBvc3RfdHlwZSUyMG1lbnUtaXRlbS1vYmplY3QtcGFnZSUyMG1lbnUtaXRlbS0zNzQ1JTIyJTNFJTNDYSUyMGhyZWYlM0QlMjIlMkZjYWphLXJlZ2Fsb3MlMjIlM0VDYWphJTIwcmVnYWxvcyUzQyUyRmElM0UlM0MlMkZsaSUzRSUwQSUwQSUzQ2xpJTIwY2xhc3MlM0QlMjJtZW51LWl0ZW0lMjBtZW51LWl0ZW0tdHlwZS1wb3N0X3R5cGUlMjBtZW51LWl0ZW0tb2JqZWN0LXBhZ2UlMjBtZW51LWl0ZW0tMzc0NCUyMiUzRSUzQ2ElMjBocmVmJTNEJTIyJTJGdGFsbGVyZXMlMjIlM0VUYWxsZXJlcyUzQyUyRmElM0UlM0MlMkZsaSUzRSUwQSUwQSUzQ2xpJTIwY2xhc3MlM0QlMjJtZW51LWl0ZW0lMjBtZW51LWl0ZW0tdHlwZS1wb3N0X3R5cGUlMjBtZW51LWl0ZW0tb2JqZWN0LXBhZ2UlMjBtZW51LWl0ZW0tMzc0NiUyMiUzRSUzQ2ElMjBocmVmJTNEJTIyJTJGZXN0YW5jaWFzJTIyJTNFRXN0YW5jaWFzJTNDJTJGYSUzRSUzQyUyRmxpJTNFJTBBJTBBJTNDbGklMjBjbGFzcyUzRCUyMm1lbnUtaXRlbSUyMG1lbnUtaXRlbS10eXBlLXBvc3RfdHlwZSUyMG1lbnUtaXRlbS1vYmplY3QtcGFnZSUyMG1lbnUtaXRlbS0zNzQyJTIyJTNFJTNDYSUyMGhyZWYlM0QlMjIlMkZhLW1lZGlkYSUyMiUzRUElMjBtZWRpZGElM0MlMkZhJTNFJTNDJTJGbGklM0UlMEElMEElM0MlMkZ1bCUzRSUzQyUyRmRpdiUzRSUzQyUyRmRpdiUzRQ==[\/vc_raw_html][\/vc_column][\/vc_row][vc_row css=\u00bb.vc_custom_1484393167295{margin-bottom: 0px !important;background-color: #ffffff !important;}\u00bb][vc_column reveal_effect=\u00bbfadeIn\u00bb width=\u00bb1\/2&#8243; reveal_duration=\u00bb1&#8243; css=\u00bb.vc_custom_1427234139084{margin-right: 0px !important;padding-right: 0px !important;}\u00bb][vc_single_image image=\u00bb3925&#8243; img_size=\u00bb585&#215;390&#8243; css=\u00bb.vc_custom_1484727527100{margin-bottom: 0px !important;}\u00bb][\/vc_column][vc_column reveal_effect=\u00bbfadeIn\u00bb width=\u00bb1\/2&#8243; reveal_duration=\u00bb1&#8243;][lab_service_box css=\u00bb.vc_custom_1482345032908{padding-top: 65px !important;padding-right: 45px !important;padding-bottom: 45px !important;padding-left: 45px !important;}\u00bb][lab_service_box_content title=\u00bbRestaurante\u00bb description=\u00bbElaborar una carta de vinos bastante ecl\u00e9tica y coherente en su restaurante. Un servicio destinado en primer lugar a profesionales, Samuel&hellip;<\/p>\n","protected":false},"author":1,"featured_media":0,"parent":0,"menu_order":7,"comment_status":"closed","ping_status":"closed","template":"","meta":{"footnotes":""},"_links":{"self":[{"href":"https:\/\/ediswine.com\/es\/wp-json\/wp\/v2\/pages\/4512"}],"collection":[{"href":"https:\/\/ediswine.com\/es\/wp-json\/wp\/v2\/pages"}],"about":[{"href":"https:\/\/ediswine.com\/es\/wp-json\/wp\/v2\/types\/page"}],"author":[{"embeddable":true,"href":"https:\/\/ediswine.com\/es\/wp-json\/wp\/v2\/users\/1"}],"replies":[{"embeddable":true,"href":"https:\/\/ediswine.com\/es\/wp-json\/wp\/v2\/comments?post=4512"}],"version-history":[{"count":3,"href":"https:\/\/ediswine.com\/es\/wp-json\/wp\/v2\/pages\/4512\/revisions"}],"predecessor-version":[{"id":4613,"href":"https:\/\/ediswine.com\/es\/wp-json\/wp\/v2\/pages\/4512\/revisions\/4613"}],"wp:attachment":[{"href":"https:\/\/ediswine.com\/es\/wp-json\/wp\/v2\/media?parent=4512"}],"curies":[{"name":"wp","href":"https:\/\/api.w.org\/{rel}","templated":true}]}}