{"id":4317,"date":"2017-01-02T10:10:18","date_gmt":"2017-01-02T09:10:18","guid":{"rendered":"http:\/\/dev.ediswine.com\/en\/partenaires\/"},"modified":"2024-05-15T11:33:18","modified_gmt":"2024-05-15T09:33:18","slug":"partners","status":"publish","type":"page","link":"https:\/\/ediswine.com\/en\/partners\/","title":{"rendered":"Partners"},"content":{"rendered":"<p>[vc_row][vc_column][vc_column_text]<\/p>\n<h1>Partners<\/h1>\n<p>\u00a0<\/p>\n\n\n<div id=\"portfolio-1\" class=\"portfolio-holder portfolio-type-1 sort-by-js\" style=\"position: relative; height: 876.249px;\">\n  <div class=\"portfolio-item portfolio-item-type-1 with-padding w3 post-4895 portfolio type-portfolio status-publish has-post-thumbnail hentry\" data-portfolio-item-id=\"4895\">\n    <div class=\"item-box wow fadeInLab animated\" style=\"visibility: visible; animation-name: fadeInLab;\">\n      <div class=\"photo\">\n        <a href=\"https:\/\/choko-ona.fr\" class=\"item-link\">\n          <style>.arel-1 { padding-top: 81.48148148% !important; }<\/style>\n          <span class=\"image-placeholder arel-1 img-loaded\">\n            <img loading=\"lazy\" decoding=\"async\" width=\"220\" height=\"220\" class=\" lazyloaded\" alt=\"Choko Ona\" data-src=\"https:\/\/ediswine.com\/wp-content\/uploads\/2024\/05\/chokoona.jpg\" data-srcset=\"\" data-sizes=\"(max-width: 270px) 100vw, 270px\" sizes=\"(max-width: 270px) 100vw, 270px\" src=\"https:\/\/ediswine.com\/wp-content\/uploads\/2024\/05\/chokoona.jpg\">\n          <\/span>\n          <span class=\"on-hover opacity-no distanced\">\n            <i class=\"icon icon-basic-eye\"><\/i>\n          <\/span>\n        <\/a>\n      <\/div>\n      <div class=\"info\">\n        <h3>\n          <a href=\"https:\/\/choko-ona.fr\" class=\"item-link\">Choko Ona<\/a>\n        <\/h3>\n      <\/div>\n    <\/div>\n  <\/div>\n  \n  <div class=\"portfolio-item portfolio-item-type-1 with-padding w3 post-4896 portfolio type-portfolio status-publish has-post-thumbnail hentry\" data-portfolio-item-id=\"4896\">\n    <div class=\"item-box wow fadeInLab animated\" style=\"visibility: visible; animation-name: fadeInLab;\">\n      <div class=\"photo\">\n        <a href=\"https:\/\/www.briketenia.com\" class=\"item-link\">\n          <style>.arel-2 { padding-top: 81.48148148% !important; }<\/style>\n          <span class=\"image-placeholder arel-2 img-loaded\">\n            <img loading=\"lazy\" decoding=\"async\" width=\"220\" height=\"220\" class=\" lazyloaded\" alt=\"Briketenia\" data-src=\"https:\/\/ediswine.com\/wp-content\/uploads\/2024\/05\/briketenia.jpg\" data-srcset=\"\" data-sizes=\"(max-width: 270px) 100vw, 270px\" sizes=\"(max-width: 270px) 100vw, 270px\" src=\"https:\/\/ediswine.com\/wp-content\/uploads\/2024\/05\/briketenia.jpg\">\n          <\/span>\n          <span class=\"on-hover opacity-no distanced\">\n            <i class=\"icon icon-basic-eye\"><\/i>\n          <\/span>\n        <\/a>\n      <\/div>\n      <div class=\"info\">\n        <h3>\n          <a href=\"https:\/\/www.briketenia.com\" class=\"item-link\">Briketenia<\/a>\n        <\/h3>\n      <\/div>\n    <\/div>\n  <\/div>\n\n  <div class=\"portfolio-item portfolio-item-type-1 with-padding w3 post-4897 portfolio type-portfolio status-publish has-post-thumbnail hentry\" data-portfolio-item-id=\"4897\">\n    <div class=\"item-box wow fadeInLab animated\" style=\"visibility: visible; animation-name: fadeInLab;\">\n      <div class=\"photo\">\n        <a href=\"https:\/\/villa-anvers.com\" class=\"item-link\">\n          <style>.arel-3 { padding-top: 81.48148148% !important; }<\/style>\n          <span class=\"image-placeholder arel-3 img-loaded\">\n            <img loading=\"lazy\" decoding=\"async\" width=\"220\" height=\"220\" class=\" lazyloaded\" alt=\"Villa Anvers\" data-src=\"https:\/\/ediswine.com\/wp-content\/uploads\/2024\/05\/villaanvers.jpg\" data-srcset=\"\" data-sizes=\"(max-width: 270px) 100vw, 270px\" sizes=\"(max-width: 270px) 100vw, 270px\" src=\"https:\/\/ediswine.com\/wp-content\/uploads\/2024\/05\/villaanvers.jpg\">\n          <\/span>\n          <span class=\"on-hover opacity-no distanced\">\n            <i class=\"icon icon-basic-eye\"><\/i>\n          <\/span>\n        <\/a>\n      <\/div>\n      <div class=\"info\">\n        <h3>\n          <a href=\"https:\/\/villa-anvers.com\" class=\"item-link\">Villa Anvers<\/a>\n        <\/h3>\n      <\/div>\n    <\/div>\n  <\/div>\n\n  <div class=\"portfolio-item portfolio-item-type-1 with-padding w3 post-4898 portfolio type-portfolio status-publish has-post-thumbnail hentry\" data-portfolio-item-id=\"4898\">\n    <div class=\"item-box wow fadeInLab animated\" style=\"visibility: visible; animation-name: fadeInLab;\">\n      <div class=\"photo\">\n        <a href=\"https:\/\/www.reginaexperimental.com\" class=\"item-link\">\n          <style>.arel-4 { padding-top: 81.48148148% !important; }<\/style>\n          <span class=\"image-placeholder arel-4 img-loaded\">\n            <img loading=\"lazy\" decoding=\"async\" width=\"220\" height=\"220\" class=\" lazyloaded\" alt=\"Regina Exp\u00e9rimental Group\" data-src=\"https:\/\/ediswine.com\/wp-content\/uploads\/2024\/05\/hotelregina.jpg\" data-srcset=\"\" data-sizes=\"(max-width: 270px) 100vw, 270px\" sizes=\"(max-width: 270px) 100vw, 270px\" src=\"https:\/\/ediswine.com\/wp-content\/uploads\/2024\/05\/hotelregina.jpg\">\n          <\/span>\n          <span class=\"on-hover opacity-no distanced\">\n            <i class=\"icon icon-basic-eye\"><\/i>\n          <\/span>\n        <\/a>\n      <\/div>\n      <div class=\"info\">\n        <h3>\n          <a href=\"https:\/\/www.reginaexperimental.com\" class=\"item-link\">Regina Exp\u00e9rimental Group<\/a>\n        <\/h3>\n      <\/div>\n    <\/div>\n  <\/div>\n\n  <div class=\"portfolio-item portfolio-item-type-1 with-padding w3 post-4899 portfolio type-portfolio status-publish has-post-thumbnail hentry\" data-portfolio-item-id=\"4899\">\n    <div class=\"item-box wow fadeInLab animated\" style=\"visibility: visible; animation-name: fadeInLab;\">\n      <div class=\"photo\">\n        <a href=\"http:\/\/du-palais.biarritz.hotels-fr.net\/fr\/\" class=\"item-link\">\n          <style>.arel-5 { padding-top: 81.48148148% !important; }<\/style>\n          <span class=\"image-placeholder arel-5 img-loaded\">\n            <img loading=\"lazy\" decoding=\"async\" width=\"220\" height=\"220\" class=\" lazyloaded\" alt=\"H\u00f4tel du Palais\" data-src=\"https:\/\/ediswine.com\/wp-content\/uploads\/2024\/05\/hotelpalais.jpg\" data-srcset=\"\" data-sizes=\"(max-width: 270px) 100vw, 270px\" sizes=\"(max-width: 270px) 100vw, 270px\" src=\"https:\/\/ediswine.com\/wp-content\/uploads\/2024\/05\/hotelpalais.jpg\">\n          <\/span>\n          <span class=\"on-hover opacity-no distanced\">\n            <i class=\"icon icon-basic-eye\"><\/i>\n          <\/span>\n        <\/a>\n      <\/div>\n      <div class=\"info\">\n        <h3>\n          <a href=\"http:\/\/du-palais.biarritz.hotels-fr.net\/fr\/\" class=\"item-link\">H\u00f4tel du Palais<\/a>\n        <\/h3>\n      <\/div>\n    <\/div>\n  <\/div>\n\n  <div class=\"portfolio-item portfolio-item-type-1 with-padding w3 post-4900 portfolio type-portfolio status-publish has-post-thumbnail hentry\" data-portfolio-item-id=\"4900\" >\n    <div class=\"item-box wow fadeInLab animated\" style=\"visibility: visible; animation-name: fadeInLab;\">\n      <div class=\"photo\">\n        <a href=\"https:\/\/www.restaurantnuance.com\" class=\"item-link\">\n          <style>.arel-6 { padding-top: 81.48148148% !important; }<\/style>\n          <span class=\"image-placeholder arel-6 img-loaded\">\n            <img loading=\"lazy\" decoding=\"async\" width=\"220\" height=\"220\" class=\" lazyloaded\" alt=\"Nuance\" data-src=\"https:\/\/ediswine.com\/wp-content\/uploads\/2024\/05\/restaurantnuance.jpg\" data-srcset=\"\" data-sizes=\"(max-width: 270px) 100vw, \n\n270px\" sizes=\"(max-width: 270px) 100vw, 270px\" src=\"https:\/\/ediswine.com\/wp-content\/uploads\/2024\/05\/restaurantnuance.jpg\">\n          <\/span>\n          <span class=\"on-hover opacity-no distanced\">\n            <i class=\"icon icon-basic-eye\"><\/i>\n          <\/span>\n        <\/a>\n      <\/div>\n      <div class=\"info\">\n        <h3>\n          <a href=\"https:\/\/www.restaurantnuance.com\" class=\"item-link\">Nuance<\/a>\n        <\/h3>\n      <\/div>\n    <\/div>\n  <\/div>\n\n  <div class=\"portfolio-item portfolio-item-type-1 with-padding w3 post-4901 portfolio type-portfolio status-publish has-post-thumbnail hentry\" data-portfolio-item-id=\"4901\" >\n    <div class=\"item-box wow fadeInLab animated\" style=\"visibility: visible; animation-name: fadeInLab;\">\n      <div class=\"photo\">\n        <a href=\"https:\/\/www.l-impertinent.fr\" class=\"item-link\">\n          <style>.arel-7 { padding-top: 81.48148148% !important; }<\/style>\n          <span class=\"image-placeholder arel-7 img-loaded\">\n            <img loading=\"lazy\" decoding=\"async\" width=\"220\" height=\"220\" class=\" lazyloaded\" alt=\"L'impertinent\" data-src=\"https:\/\/ediswine.com\/wp-content\/uploads\/2024\/05\/impertinent.jpg\" data-srcset=\"\" data-sizes=\"(max-width: 270px) 100vw, 270px\" sizes=\"(max-width: 270px) 100vw, 270px\" src=\"https:\/\/ediswine.com\/wp-content\/uploads\/2024\/05\/impertinent.jpg\">\n          <\/span>\n          <span class=\"on-hover opacity-no distanced\">\n            <i class=\"icon icon-basic-eye\"><\/i>\n          <\/span>\n        <\/a>\n      <\/div>\n      <div class=\"info\">\n        <h3>\n          <a href=\"https:\/\/www.l-impertinent.fr\" class=\"item-link\">L&#8217;impertinent<\/a>\n        <\/h3>\n      <\/div>\n    <\/div>\n  <\/div>\n\n  <div class=\"portfolio-item portfolio-item-type-1 with-padding w3 post-4902 portfolio type-portfolio status-publish has-post-thumbnail hentry\" data-portfolio-item-id=\"4902\" >\n    <div class=\"item-box wow fadeInLab animated\" style=\"visibility: visible; animation-name: fadeInLab;\">\n      <div class=\"photo\">\n        <a href=\"https:\/\/lacoorniche.com\" class=\"item-link\">\n          <style>.arel-8 { padding-top: 81.48148148% !important; }<\/style>\n          <span class=\"image-placeholder arel-8 img-loaded\">\n            <img loading=\"lazy\" decoding=\"async\" width=\"220\" height=\"220\" class=\" lazyloaded\" alt=\"La Corniche\" data-src=\"https:\/\/ediswine.com\/wp-content\/uploads\/2024\/05\/corniche.jpg\" data-srcset=\"\" data-sizes=\"(max-width: 270px) 100vw, 270px\" sizes=\"(max-width: 270px) 100vw, 270px\" src=\"https:\/\/ediswine.com\/wp-content\/uploads\/2024\/05\/corniche.jpg\">\n          <\/span>\n          <span class=\"on-hover opacity-no distanced\">\n            <i class=\"icon icon-basic-eye\"><\/i>\n          <\/span>\n        <\/a>\n      <\/div>\n      <div class=\"info\">\n        <h3>\n          <a href=\"https:\/\/lacoorniche.com\" class=\"item-link\">La Co(o)rniche<\/a>\n        <\/h3>\n      <\/div>\n    <\/div>\n  <\/div>\n\n  <div class=\"portfolio-item portfolio-item-type-1 with-padding w3 post-4903 portfolio type-portfolio status-publish has-post-thumbnail hentry\" data-portfolio-item-id=\"4903\" >\n    <div class=\"item-box wow fadeInLab animated\" style=\"visibility: visible; animation-name: fadeInLab;\">\n      <div class=\"photo\">\n        <a href=\"https:\/\/haaitza.com\" class=\"item-link\">\n          <style>.arel-9 { padding-top: 81.48148148% !important; }<\/style>\n          <span class=\"image-placeholder arel-9 img-loaded\">\n            <img loading=\"lazy\" decoding=\"async\" width=\"220\" height=\"220\" class=\" lazyloaded\" alt=\"H\u00f4tel Haitza\" data-src=\"https:\/\/ediswine.com\/wp-content\/uploads\/2024\/05\/haaitza.jpg\" data-srcset=\"\" data-sizes=\"(max-width: 270px) 100vw, 270px\" sizes=\"(max-width: 270px) 100vw, 270px\" src=\"https:\/\/ediswine.com\/wp-content\/uploads\/2024\/05\/haaitza.jpg\">\n          <\/span>\n          <span class=\"on-hover opacity-no distanced\">\n            <i class=\"icon icon-basic-eye\"><\/i>\n          <\/span>\n        <\/a>\n      <\/div>\n      <div class=\"info\">\n        <h3>\n          <a href=\"https:\/\/haaitza.com\" class=\"item-link\">H\u00f4tel Haitza<\/a>\n        <\/h3>\n      <\/div>\n    <\/div>\n  <\/div>\n\n  <div class=\"portfolio-item portfolio-item-type-1 with-padding w3 post-4904 portfolio type-portfolio status-publish has-post-thumbnail hentry\" data-portfolio-item-id=\"4904\" >\n    <div class=\"item-box wow fadeInLab animated\" style=\"visibility: visible; animation-name: fadeInLab;\">\n      <div class=\"photo\">\n        <a href=\"https:\/\/www.mugaritz.com\" class=\"item-link\">\n          <style>.arel-10 { padding-top: 81.48148148% !important; }<\/style>\n          <span class=\"image-placeholder arel-10 img-loaded\">\n            <img loading=\"lazy\" decoding=\"async\" width=\"220\" height=\"220\" class=\" lazyloaded\" alt=\"Mugaritz\" data-src=\"https:\/\/ediswine.com\/wp-content\/uploads\/2024\/05\/mugaritz.jpg\" data-srcset=\"\" data-sizes=\"(max-width: 270px) 100vw, 270px\" sizes=\"(max-width: 270px) 100vw, 270px\" src=\"https:\/\/ediswine.com\/wp-content\/uploads\/2024\/05\/mugaritz.jpg\">\n          <\/span>\n          <span class=\"on-hover opacity-no distanced\">\n            <i class=\"icon icon-basic-eye\"><\/i>\n          <\/span>\n        <\/a>\n      <\/div>\n      <div class=\"info\">\n        <h3>\n          <a href=\"https:\/\/www.mugaritz.com\" class=\"item-link\">Mugaritz<\/a>\n        <\/h3>\n      <\/div>\n    <\/div>\n  <\/div>\n\n  <div class=\"portfolio-item portfolio-item-type-1 with-padding w3 post-4905 portfolio type-portfolio status-publish has-post-thumbnail hentry\" data-portfolio-item-id=\"4905\" >\n    <div class=\"item-box wow fadeInLab animated\" style=\"visibility: visible; animation-name: fadeInLab;\">\n      <div class=\"photo\">\n        <a href=\"https:\/\/www.asadoretxebarri.com\" class=\"item-link\">\n          <style>.arel-11 { padding-top: 81.48148148% !important; }<\/style>\n          <span class=\"image-placeholder arel-11 img-loaded\">\n            <img loading=\"lazy\" decoding=\"async\" width=\"220\" height=\"220\" class=\" lazyloaded\" alt=\"Asador Etxebarri\" data-src=\"https:\/\/ediswine.com\/wp-content\/uploads\/2024\/05\/etxebarri.jpg\" data-srcset=\"\" data-sizes=\"(max-width: 270px) 100vw, 270px\" sizes=\"(max-width: 270px) 100vw, 270px\" src=\"https:\/\/ediswine.com\/wp-content\/uploads\/2024\/05\/etxebarri.jpg\">\n          <\/span>\n          <span class=\"on-hover opacity-no distanced\">\n            <i class=\"icon icon-basic-eye\"><\/i>\n          <\/span>\n        <\/a>\n      <\/div>\n      <div class=\"info\">\n        <h3>\n          <a href=\"https:\/\/www.asadoretxebarri.com\" class=\"item-link\">Asador Etxebarri<\/a>\n        <\/h3>\n      <\/div>\n    <\/div>\n  <\/div>\n<\/div>\n","protected":false},"excerpt":{"rendered":"<p>[vc_row][vc_column][vc_column_text] Partners \u00a0 Choko Ona Briketenia Villa Anvers Regina Exp\u00e9rimental Group H\u00f4tel du Palais Nuance L&#8217;impertinent La Co(o)rniche H\u00f4tel Haitza Mugaritz Asador Etxebarri<\/p>\n","protected":false},"author":1,"featured_media":0,"parent":0,"menu_order":17,"comment_status":"closed","ping_status":"closed","template":"","meta":{"footnotes":""},"_links":{"self":[{"href":"https:\/\/ediswine.com\/en\/wp-json\/wp\/v2\/pages\/4317"}],"collection":[{"href":"https:\/\/ediswine.com\/en\/wp-json\/wp\/v2\/pages"}],"about":[{"href":"https:\/\/ediswine.com\/en\/wp-json\/wp\/v2\/types\/page"}],"author":[{"embeddable":true,"href":"https:\/\/ediswine.com\/en\/wp-json\/wp\/v2\/users\/1"}],"replies":[{"embeddable":true,"href":"https:\/\/ediswine.com\/en\/wp-json\/wp\/v2\/comments?post=4317"}],"version-history":[{"count":18,"href":"https:\/\/ediswine.com\/en\/wp-json\/wp\/v2\/pages\/4317\/revisions"}],"predecessor-version":[{"id":5025,"href":"https:\/\/ediswine.com\/en\/wp-json\/wp\/v2\/pages\/4317\/revisions\/5025"}],"wp:attachment":[{"href":"https:\/\/ediswine.com\/en\/wp-json\/wp\/v2\/media?parent=4317"}],"curies":[{"name":"wp","href":"https:\/\/api.w.org\/{rel}","templated":true}]}}